{"id":1366,"date":"2022-10-27T16:18:48","date_gmt":"2022-10-27T14:18:48","guid":{"rendered":"https:\/\/old.proquinat.com\/paraffine-48-50\/"},"modified":"2025-07-16T16:52:53","modified_gmt":"2025-07-16T14:52:53","slug":"paraffine-48-50","status":"publish","type":"page","link":"https:\/\/old.proquinat.com\/fr\/paraffine-48-50\/","title":{"rendered":"Paraffine 48 &#8211; 50"},"content":{"rendered":"\t\t<div data-elementor-type=\"wp-page\" data-elementor-id=\"1366\" class=\"elementor elementor-1366\" data-elementor-post-type=\"page\">\n\t\t\t\t\t\t<section class=\"elementor-section elementor-top-section elementor-element elementor-element-65e1ce47 elementor-section-boxed elementor-section-height-default elementor-section-height-default\" data-id=\"65e1ce47\" data-element_type=\"section\">\n\t\t\t\t\t\t<div class=\"elementor-container elementor-column-gap-default\">\n\t\t\t\t\t<div class=\"elementor-column elementor-col-66 elementor-top-column elementor-element elementor-element-719b7608\" data-id=\"719b7608\" data-element_type=\"column\">\n\t\t\t<div class=\"elementor-widget-wrap elementor-element-populated\">\n\t\t\t\t\t\t<div class=\"elementor-element elementor-element-7da16306 elementor-widget elementor-widget-heading\" data-id=\"7da16306\" data-element_type=\"widget\" data-widget_type=\"heading.default\">\n\t\t\t\t<div class=\"elementor-widget-container\">\n\t\t\t\t\t<h1 class=\"elementor-heading-title elementor-size-default\">Paraffine Proquiwax 48\u00ba-50\u00ba<\/h1>\t\t\t\t<\/div>\n\t\t\t\t<\/div>\n\t\t\t\t<div class=\"elementor-element elementor-element-4653f8ab elementor-widget elementor-widget-text-editor\" data-id=\"4653f8ab\" data-element_type=\"widget\" data-widget_type=\"text-editor.default\">\n\t\t\t\t<div class=\"elementor-widget-container\">\n\t\t\t\t\t\t\t\t\t<p>Il s\u2019agit d\u2019une <strong>paraffin<\/strong>e \u00e0 point de fusion tr\u00e8s faible id\u00e9ale pour la fabrication de paraffines m\u00e9dicinales, de paraffines de r\u00e9\u00e9ducation, de paraffines \u00e0 main ou de paraffines pour applications cosm\u00e9tiques.<\/p><p>Ils sont caract\u00e9ris\u00e9s par une teneur en huile inf\u00e9rieure \u00e0 0,5%, une couleur blanche et inodore. Le processus d\u2019hydrog\u00e9nation \u00e0 saturation permet d\u2019atteindre la qualit\u00e9 alimentaire.<\/p>\t\t\t\t\t\t\t\t<\/div>\n\t\t\t\t<\/div>\n\t\t\t\t\t<\/div>\n\t\t<\/div>\n\t\t\t\t<div class=\"elementor-column elementor-col-33 elementor-top-column elementor-element elementor-element-d593e99\" data-id=\"d593e99\" data-element_type=\"column\">\n\t\t\t<div class=\"elementor-widget-wrap elementor-element-populated\">\n\t\t\t\t\t\t<div class=\"elementor-element elementor-element-812f15c elementor--h-position-center elementor--v-position-middle elementor-widget elementor-widget-slides\" data-id=\"812f15c\" data-element_type=\"widget\" data-settings=\"{&quot;navigation&quot;:&quot;none&quot;,&quot;autoplay&quot;:&quot;yes&quot;,&quot;pause_on_hover&quot;:&quot;yes&quot;,&quot;pause_on_interaction&quot;:&quot;yes&quot;,&quot;autoplay_speed&quot;:5000,&quot;infinite&quot;:&quot;yes&quot;,&quot;transition&quot;:&quot;slide&quot;,&quot;transition_speed&quot;:500}\" data-widget_type=\"slides.default\">\n\t\t\t\t<div class=\"elementor-widget-container\">\n\t\t\t\t\t\t\t\t\t<div class=\"elementor-swiper\">\n\t\t\t\t\t<div class=\"elementor-slides-wrapper elementor-main-swiper swiper\" role=\"region\" aria-roledescription=\"carousel\" aria-label=\"Diapositivas\" dir=\"ltr\" data-animation=\"fadeInLeft\">\n\t\t\t\t<div class=\"swiper-wrapper elementor-slides\">\n\t\t\t\t\t\t\t\t\t\t<div class=\"elementor-repeater-item-c923a12 swiper-slide\" role=\"group\" aria-roledescription=\"slide\"><div class=\"swiper-slide-bg\" role=\"img\" aria-label=\"PARAFINAS-Productes-quimics-naturals-Proquinat-1.png\"><\/div><div class=\"swiper-slide-inner\" ><div class=\"swiper-slide-contents\"><\/div><\/div><\/div><div class=\"elementor-repeater-item-6d36a4c swiper-slide\" role=\"group\" aria-roledescription=\"slide\"><div class=\"swiper-slide-bg\" role=\"img\" aria-label=\"parafina-tratamiento-scaled.jpg\"><\/div><div class=\"swiper-slide-inner\" ><div class=\"swiper-slide-contents\"><\/div><\/div><\/div>\t\t\t\t<\/div>\n\t\t\t\t\t\t\t\t\t\t\t\t\t\t\t\t\t\t\t\t\t<\/div>\n\t\t\t\t<\/div>\n\t\t\t\t\t\t\t\t<\/div>\n\t\t\t\t<\/div>\n\t\t\t\t\t<\/div>\n\t\t<\/div>\n\t\t\t\t\t<\/div>\n\t\t<\/section>\n\t\t\t\t<section class=\"elementor-section elementor-top-section elementor-element elementor-element-8d86395 elementor-section-boxed elementor-section-height-default elementor-section-height-default\" data-id=\"8d86395\" data-element_type=\"section\">\n\t\t\t\t\t\t<div class=\"elementor-container elementor-column-gap-default\">\n\t\t\t\t\t<div class=\"elementor-column elementor-col-16 elementor-top-column elementor-element elementor-element-a69f985\" data-id=\"a69f985\" data-element_type=\"column\">\n\t\t\t<div class=\"elementor-widget-wrap\">\n\t\t\t\t\t\t\t<\/div>\n\t\t<\/div>\n\t\t\t\t<div class=\"elementor-column elementor-col-66 elementor-top-column elementor-element elementor-element-1ef1641\" data-id=\"1ef1641\" data-element_type=\"column\">\n\t\t\t<div class=\"elementor-widget-wrap elementor-element-populated\">\n\t\t\t\t\t\t<div class=\"elementor-element elementor-element-c38f1fc elementor-headline--style-highlight elementor-widget elementor-widget-animated-headline\" data-id=\"c38f1fc\" data-element_type=\"widget\" data-settings=\"{&quot;marker&quot;:&quot;underline_zigzag&quot;,&quot;highlighted_text&quot;:&quot;sans engagement!&quot;,&quot;headline_style&quot;:&quot;highlight&quot;,&quot;loop&quot;:&quot;yes&quot;,&quot;highlight_animation_duration&quot;:1200,&quot;highlight_iteration_delay&quot;:8000}\" data-widget_type=\"animated-headline.default\">\n\t\t\t\t<div class=\"elementor-widget-container\">\n\t\t\t\t\t\t\t<h3 class=\"elementor-headline\">\n\t\t\t\t\t<span class=\"elementor-headline-plain-text elementor-headline-text-wrapper\">\u00a1Obtenez votre devis <\/span>\n\t\t\t\t<span class=\"elementor-headline-dynamic-wrapper elementor-headline-text-wrapper\">\n\t\t\t\t\t<span class=\"elementor-headline-dynamic-text elementor-headline-text-active\">sans engagement!<\/span>\n\t\t\t\t<\/span>\n\t\t\t\t<\/h3>\n\t\t\t\t\t\t<\/div>\n\t\t\t\t<\/div>\n\t\t\t\t<div class=\"elementor-element elementor-element-642b68c elementor-widget elementor-widget-text-editor\" data-id=\"642b68c\" data-element_type=\"widget\" data-widget_type=\"text-editor.default\">\n\t\t\t\t<div class=\"elementor-widget-container\">\n\t\t\t\t\t\t\t\t\t<p><strong>Si vous recherchez une solution adapt\u00e9e aux applications de plus de 500 kg, n&rsquo;h\u00e9sitez pas \u00e0 nous contacter. Notre \u00e9quipe est l\u00e0 pour vous conseiller et vous apporter l&rsquo;assistance dont vous avez besoin.<\/strong><\/p>\t\t\t\t\t\t\t\t<\/div>\n\t\t\t\t<\/div>\n\t\t\t\t<div class=\"elementor-element elementor-element-543fafc elementor-widget elementor-widget-hubspot-form\" data-id=\"543fafc\" data-element_type=\"widget\" data-widget_type=\"hubspot-form.default\">\n\t\t\t\t<div class=\"elementor-widget-container\">\n\t\t\t\t\t\n\t\t\t\t\t\t<script>\n\t\t\t\t\t\t\twindow.hsFormsOnReady = window.hsFormsOnReady || [];\n\t\t\t\t\t\t\twindow.hsFormsOnReady.push(()=>{\n\t\t\t\t\t\t\t\thbspt.forms.create({\n\t\t\t\t\t\t\t\t\tportalId: 26497194,\n\t\t\t\t\t\t\t\t\tformId: \"5e6f69c4-9983-47b6-89be-5a4dd8e6fd59\",\n\t\t\t\t\t\t\t\t\ttarget: \"#hbspt-form-1777552157000-0293622917\",\n\t\t\t\t\t\t\t\t\tregion: \"eu1\",\n\t\t\t\t\t\t\t\t\t\n\t\t\t\t\t\t\t})});\n\t\t\t\t\t\t<\/script>\n\t\t\t\t\t\t<div class=\"hbspt-form\" id=\"hbspt-form-1777552157000-0293622917\"><\/div>\t\t\t\t<\/div>\n\t\t\t\t<\/div>\n\t\t\t\t<div class=\"elementor-element elementor-element-103bcb3 elementor-widget elementor-widget-spacer\" data-id=\"103bcb3\" data-element_type=\"widget\" data-widget_type=\"spacer.default\">\n\t\t\t\t<div class=\"elementor-widget-container\">\n\t\t\t\t\t\t\t<div class=\"elementor-spacer\">\n\t\t\t<div class=\"elementor-spacer-inner\"><\/div>\n\t\t<\/div>\n\t\t\t\t\t\t<\/div>\n\t\t\t\t<\/div>\n\t\t\t\t\t<\/div>\n\t\t<\/div>\n\t\t\t\t<div class=\"elementor-column elementor-col-16 elementor-top-column elementor-element elementor-element-1616bb3\" data-id=\"1616bb3\" data-element_type=\"column\">\n\t\t\t<div class=\"elementor-widget-wrap\">\n\t\t\t\t\t\t\t<\/div>\n\t\t<\/div>\n\t\t\t\t\t<\/div>\n\t\t<\/section>\n\t\t\t\t<section class=\"elementor-section elementor-top-section elementor-element elementor-element-303ea57 elementor-section-boxed elementor-section-height-default elementor-section-height-default\" data-id=\"303ea57\" data-element_type=\"section\">\n\t\t\t\t\t\t<div class=\"elementor-container elementor-column-gap-default\">\n\t\t\t\t\t<div class=\"elementor-column elementor-col-100 elementor-top-column elementor-element elementor-element-7fa201b\" data-id=\"7fa201b\" data-element_type=\"column\">\n\t\t\t<div class=\"elementor-widget-wrap elementor-element-populated\">\n\t\t\t\t\t\t<div class=\"elementor-element elementor-element-a0196ad elementor-widget elementor-widget-template\" data-id=\"a0196ad\" data-element_type=\"widget\" data-widget_type=\"template.default\">\n\t\t\t\t<div class=\"elementor-widget-container\">\n\t\t\t\t\t\t\t<div class=\"elementor-template\">\n\t\t\t\t\t<div data-elementor-type=\"section\" data-elementor-id=\"1975\" class=\"elementor elementor-1975\" data-elementor-post-type=\"elementor_library\">\n\t\t\t\t\t<section class=\"elementor-section elementor-top-section elementor-element elementor-element-507ad52f elementor-section-boxed elementor-section-height-default elementor-section-height-default\" data-id=\"507ad52f\" data-element_type=\"section\">\n\t\t\t\t\t\t<div class=\"elementor-container elementor-column-gap-default\">\n\t\t\t\t\t<div class=\"elementor-column elementor-col-100 elementor-top-column elementor-element elementor-element-16e9b0ae\" data-id=\"16e9b0ae\" data-element_type=\"column\">\n\t\t\t<div class=\"elementor-widget-wrap elementor-element-populated\">\n\t\t\t\t\t\t<div class=\"elementor-element elementor-element-5b047d12 elementor-widget-divider--view-line elementor-widget elementor-widget-divider\" data-id=\"5b047d12\" data-element_type=\"widget\" data-widget_type=\"divider.default\">\n\t\t\t\t<div class=\"elementor-widget-container\">\n\t\t\t\t\t\t\t<div class=\"elementor-divider\">\n\t\t\t<span class=\"elementor-divider-separator\">\n\t\t\t\t\t\t<\/span>\n\t\t<\/div>\n\t\t\t\t\t\t<\/div>\n\t\t\t\t<\/div>\n\t\t\t\t<div class=\"elementor-element elementor-element-315889f6 elementor-align-center elementor-widget elementor-widget-button\" data-id=\"315889f6\" data-element_type=\"widget\" data-widget_type=\"button.default\">\n\t\t\t\t<div class=\"elementor-widget-container\">\n\t\t\t\t\t\t\t\t\t<div class=\"elementor-button-wrapper\">\n\t\t\t\t\t<a class=\"elementor-button elementor-button-link elementor-size-lg\" href=\"https:\/\/old.proquinat.com\/fr\/produits\/\">\n\t\t\t\t\t\t<span class=\"elementor-button-content-wrapper\">\n\t\t\t\t\t\t\t\t\t<span class=\"elementor-button-text\">D\u00e9couvrez plus de produits de Proquinat<\/span>\n\t\t\t\t\t<\/span>\n\t\t\t\t\t<\/a>\n\t\t\t\t<\/div>\n\t\t\t\t\t\t\t\t<\/div>\n\t\t\t\t<\/div>\n\t\t\t\t<div class=\"elementor-element elementor-element-3885ba30 elementor-widget-divider--view-line elementor-widget elementor-widget-divider\" data-id=\"3885ba30\" data-element_type=\"widget\" data-widget_type=\"divider.default\">\n\t\t\t\t<div class=\"elementor-widget-container\">\n\t\t\t\t\t\t\t<div class=\"elementor-divider\">\n\t\t\t<span class=\"elementor-divider-separator\">\n\t\t\t\t\t\t<\/span>\n\t\t<\/div>\n\t\t\t\t\t\t<\/div>\n\t\t\t\t<\/div>\n\t\t\t\t\t<\/div>\n\t\t<\/div>\n\t\t\t\t\t<\/div>\n\t\t<\/section>\n\t\t\t\t<\/div>\n\t\t\t\t<\/div>\n\t\t\t\t\t\t<\/div>\n\t\t\t\t<\/div>\n\t\t\t\t\t<\/div>\n\t\t<\/div>\n\t\t\t\t\t<\/div>\n\t\t<\/section>\n\t\t\t\t<\/div>\n\t\t","protected":false},"excerpt":{"rendered":"<p>Paraffine Proquiwax 48\u00ba-50\u00ba Il s\u2019agit d\u2019une paraffine \u00e0 point de fusion tr\u00e8s faible id\u00e9ale pour la fabrication de paraffines m\u00e9dicinales, de paraffines de r\u00e9\u00e9ducation, de paraffines \u00e0 main ou de paraffines pour applications cosm\u00e9tiques. Ils sont caract\u00e9ris\u00e9s par une teneur en huile inf\u00e9rieure \u00e0 0,5%, une couleur blanche et inodore. Le processus d\u2019hydrog\u00e9nation \u00e0 saturation [&hellip;]<\/p>\n","protected":false},"author":2,"featured_media":0,"parent":0,"menu_order":0,"comment_status":"closed","ping_status":"closed","template":"elementor_header_footer","meta":{"content-type":"","om_disable_all_campaigns":false,"_monsterinsights_skip_tracking":false,"_monsterinsights_sitenote_active":false,"_monsterinsights_sitenote_note":"","_monsterinsights_sitenote_category":0,"_uf_show_specific_survey":0,"_uf_disable_surveys":false,"footnotes":""},"class_list":["post-1366","page","type-page","status-publish","hentry"],"yoast_head":"<!-- This site is optimized with the Yoast SEO plugin v26.1.1 - https:\/\/yoast.com\/wordpress\/plugins\/seo\/ -->\n<title>Vente de Paraffine raffin\u00e9e 48\u00ba-50\u00baC | Proquinat<\/title>\n<meta name=\"description\" content=\"Acheter de la paraffine \u00e0 faible point de fusion. Il s&#039;agit de la paraffine id\u00e9ale pour la pr\u00e9paration des cosm\u00e9tiques, Papier et carton cir\u00e9s\" \/>\n<meta name=\"robots\" content=\"noindex, follow, max-snippet:-1, max-image-preview:large, max-video-preview:-1\" \/>\n<meta property=\"og:locale\" content=\"fr_FR\" \/>\n<meta property=\"og:type\" content=\"article\" \/>\n<meta property=\"og:title\" content=\"Vente de Paraffine raffin\u00e9e 48\u00ba-50\u00baC | Proquinat\" \/>\n<meta property=\"og:description\" content=\"Acheter de la paraffine \u00e0 faible point de fusion. Il s&#039;agit de la paraffine id\u00e9ale pour la pr\u00e9paration des cosm\u00e9tiques, Papier et carton cir\u00e9s\" \/>\n<meta property=\"og:url\" content=\"https:\/\/old.proquinat.com\/fr\/paraffine-48-50\/\" \/>\n<meta property=\"og:site_name\" content=\"Proquinat\" \/>\n<meta property=\"article:modified_time\" content=\"2025-07-16T14:52:53+00:00\" \/>\n<meta name=\"twitter:card\" content=\"summary_large_image\" \/>\n<meta name=\"twitter:label1\" content=\"Dur\u00e9e de lecture estim\u00e9e\" \/>\n\t<meta name=\"twitter:data1\" content=\"1 minute\" \/>\n<script type=\"application\/ld+json\" class=\"yoast-schema-graph\">{\"@context\":\"https:\/\/schema.org\",\"@graph\":[{\"@type\":\"WebPage\",\"@id\":\"https:\/\/old.proquinat.com\/fr\/paraffine-48-50\/\",\"url\":\"https:\/\/old.proquinat.com\/fr\/paraffine-48-50\/\",\"name\":\"Vente de Paraffine raffin\u00e9e 48\u00ba-50\u00baC | Proquinat\",\"isPartOf\":{\"@id\":\"https:\/\/old.proquinat.com\/#website\"},\"datePublished\":\"2022-10-27T14:18:48+00:00\",\"dateModified\":\"2025-07-16T14:52:53+00:00\",\"description\":\"Acheter de la paraffine \u00e0 faible point de fusion. Il s'agit de la paraffine id\u00e9ale pour la pr\u00e9paration des cosm\u00e9tiques, Papier et carton cir\u00e9s\",\"breadcrumb\":{\"@id\":\"https:\/\/old.proquinat.com\/fr\/paraffine-48-50\/#breadcrumb\"},\"inLanguage\":\"fr-FR\",\"potentialAction\":[{\"@type\":\"ReadAction\",\"target\":[\"https:\/\/old.proquinat.com\/fr\/paraffine-48-50\/\"]}]},{\"@type\":\"BreadcrumbList\",\"@id\":\"https:\/\/old.proquinat.com\/fr\/paraffine-48-50\/#breadcrumb\",\"itemListElement\":[{\"@type\":\"ListItem\",\"position\":1,\"name\":\"Portada\",\"item\":\"https:\/\/old.proquinat.com\/fr\/\"},{\"@type\":\"ListItem\",\"position\":2,\"name\":\"Paraffine 48 &#8211; 50\"}]},{\"@type\":\"WebSite\",\"@id\":\"https:\/\/old.proquinat.com\/#website\",\"url\":\"https:\/\/old.proquinat.com\/\",\"name\":\"Proquinat\",\"description\":\"Distribuidor de productes quimics naturals, fabricante de toda clase de ceras y parafinas\",\"publisher\":{\"@id\":\"https:\/\/old.proquinat.com\/#organization\"},\"potentialAction\":[{\"@type\":\"SearchAction\",\"target\":{\"@type\":\"EntryPoint\",\"urlTemplate\":\"https:\/\/old.proquinat.com\/?s={search_term_string}\"},\"query-input\":{\"@type\":\"PropertyValueSpecification\",\"valueRequired\":true,\"valueName\":\"search_term_string\"}}],\"inLanguage\":\"fr-FR\"},{\"@type\":\"Organization\",\"@id\":\"https:\/\/old.proquinat.com\/#organization\",\"name\":\"Productes Qu\u00edmics Naturals SL\",\"alternateName\":\"Proquinat\",\"url\":\"https:\/\/old.proquinat.com\/\",\"logo\":{\"@type\":\"ImageObject\",\"inLanguage\":\"fr-FR\",\"@id\":\"https:\/\/old.proquinat.com\/#\/schema\/logo\/image\/\",\"url\":\"https:\/\/old.proquinat.com\/wp-content\/uploads\/2020\/07\/logo-proquinat-2.png\",\"contentUrl\":\"https:\/\/old.proquinat.com\/wp-content\/uploads\/2020\/07\/logo-proquinat-2.png\",\"width\":408,\"height\":68,\"caption\":\"Productes Qu\u00edmics Naturals SL\"},\"image\":{\"@id\":\"https:\/\/old.proquinat.com\/#\/schema\/logo\/image\/\"}}]}<\/script>\n<!-- \/ Yoast SEO plugin. -->","yoast_head_json":{"title":"Vente de Paraffine raffin\u00e9e 48\u00ba-50\u00baC | Proquinat","description":"Acheter de la paraffine \u00e0 faible point de fusion. Il s'agit de la paraffine id\u00e9ale pour la pr\u00e9paration des cosm\u00e9tiques, Papier et carton cir\u00e9s","robots":{"index":"noindex","follow":"follow","max-snippet":"max-snippet:-1","max-image-preview":"max-image-preview:large","max-video-preview":"max-video-preview:-1"},"og_locale":"fr_FR","og_type":"article","og_title":"Vente de Paraffine raffin\u00e9e 48\u00ba-50\u00baC | Proquinat","og_description":"Acheter de la paraffine \u00e0 faible point de fusion. Il s'agit de la paraffine id\u00e9ale pour la pr\u00e9paration des cosm\u00e9tiques, Papier et carton cir\u00e9s","og_url":"https:\/\/old.proquinat.com\/fr\/paraffine-48-50\/","og_site_name":"Proquinat","article_modified_time":"2025-07-16T14:52:53+00:00","twitter_card":"summary_large_image","twitter_misc":{"Dur\u00e9e de lecture estim\u00e9e":"1 minute"},"schema":{"@context":"https:\/\/schema.org","@graph":[{"@type":"WebPage","@id":"https:\/\/old.proquinat.com\/fr\/paraffine-48-50\/","url":"https:\/\/old.proquinat.com\/fr\/paraffine-48-50\/","name":"Vente de Paraffine raffin\u00e9e 48\u00ba-50\u00baC | Proquinat","isPartOf":{"@id":"https:\/\/old.proquinat.com\/#website"},"datePublished":"2022-10-27T14:18:48+00:00","dateModified":"2025-07-16T14:52:53+00:00","description":"Acheter de la paraffine \u00e0 faible point de fusion. Il s'agit de la paraffine id\u00e9ale pour la pr\u00e9paration des cosm\u00e9tiques, Papier et carton cir\u00e9s","breadcrumb":{"@id":"https:\/\/old.proquinat.com\/fr\/paraffine-48-50\/#breadcrumb"},"inLanguage":"fr-FR","potentialAction":[{"@type":"ReadAction","target":["https:\/\/old.proquinat.com\/fr\/paraffine-48-50\/"]}]},{"@type":"BreadcrumbList","@id":"https:\/\/old.proquinat.com\/fr\/paraffine-48-50\/#breadcrumb","itemListElement":[{"@type":"ListItem","position":1,"name":"Portada","item":"https:\/\/old.proquinat.com\/fr\/"},{"@type":"ListItem","position":2,"name":"Paraffine 48 &#8211; 50"}]},{"@type":"WebSite","@id":"https:\/\/old.proquinat.com\/#website","url":"https:\/\/old.proquinat.com\/","name":"Proquinat","description":"Distribuidor de productes quimics naturals, fabricante de toda clase de ceras y parafinas","publisher":{"@id":"https:\/\/old.proquinat.com\/#organization"},"potentialAction":[{"@type":"SearchAction","target":{"@type":"EntryPoint","urlTemplate":"https:\/\/old.proquinat.com\/?s={search_term_string}"},"query-input":{"@type":"PropertyValueSpecification","valueRequired":true,"valueName":"search_term_string"}}],"inLanguage":"fr-FR"},{"@type":"Organization","@id":"https:\/\/old.proquinat.com\/#organization","name":"Productes Qu\u00edmics Naturals SL","alternateName":"Proquinat","url":"https:\/\/old.proquinat.com\/","logo":{"@type":"ImageObject","inLanguage":"fr-FR","@id":"https:\/\/old.proquinat.com\/#\/schema\/logo\/image\/","url":"https:\/\/old.proquinat.com\/wp-content\/uploads\/2020\/07\/logo-proquinat-2.png","contentUrl":"https:\/\/old.proquinat.com\/wp-content\/uploads\/2020\/07\/logo-proquinat-2.png","width":408,"height":68,"caption":"Productes Qu\u00edmics Naturals SL"},"image":{"@id":"https:\/\/old.proquinat.com\/#\/schema\/logo\/image\/"}}]}},"_links":{"self":[{"href":"https:\/\/old.proquinat.com\/fr\/wp-json\/wp\/v2\/pages\/1366","targetHints":{"allow":["GET"]}}],"collection":[{"href":"https:\/\/old.proquinat.com\/fr\/wp-json\/wp\/v2\/pages"}],"about":[{"href":"https:\/\/old.proquinat.com\/fr\/wp-json\/wp\/v2\/types\/page"}],"author":[{"embeddable":true,"href":"https:\/\/old.proquinat.com\/fr\/wp-json\/wp\/v2\/users\/2"}],"replies":[{"embeddable":true,"href":"https:\/\/old.proquinat.com\/fr\/wp-json\/wp\/v2\/comments?post=1366"}],"version-history":[{"count":5,"href":"https:\/\/old.proquinat.com\/fr\/wp-json\/wp\/v2\/pages\/1366\/revisions"}],"predecessor-version":[{"id":3311,"href":"https:\/\/old.proquinat.com\/fr\/wp-json\/wp\/v2\/pages\/1366\/revisions\/3311"}],"wp:attachment":[{"href":"https:\/\/old.proquinat.com\/fr\/wp-json\/wp\/v2\/media?parent=1366"}],"curies":[{"name":"wp","href":"https:\/\/api.w.org\/{rel}","templated":true}]}}