{"id":227,"date":"2020-07-31T11:18:28","date_gmt":"2020-07-31T11:18:28","guid":{"rendered":"https:\/\/old.proquinat.com\/?page_id=227"},"modified":"2023-09-29T01:18:54","modified_gmt":"2023-09-28T23:18:54","slug":"produits","status":"publish","type":"page","link":"https:\/\/old.proquinat.com\/fr\/produits\/","title":{"rendered":"Produits"},"content":{"rendered":"\t\t<div data-elementor-type=\"wp-page\" data-elementor-id=\"227\" class=\"elementor elementor-227\" data-elementor-post-type=\"page\">\n\t\t\t\t\t\t<section class=\"elementor-section elementor-top-section elementor-element elementor-element-571b16c9 elementor-reverse-mobile elementor-section-boxed elementor-section-height-default elementor-section-height-default\" data-id=\"571b16c9\" data-element_type=\"section\">\n\t\t\t\t\t\t<div class=\"elementor-container elementor-column-gap-default\">\n\t\t\t\t\t<div class=\"elementor-column elementor-col-100 elementor-top-column elementor-element elementor-element-7b22d474\" data-id=\"7b22d474\" data-element_type=\"column\">\n\t\t\t<div class=\"elementor-widget-wrap elementor-element-populated\">\n\t\t\t\t\t\t<div class=\"elementor-element elementor-element-4e243c41 elementor-headline--style-highlight elementor-widget elementor-widget-animated-headline\" data-id=\"4e243c41\" data-element_type=\"widget\" data-settings=\"{&quot;marker&quot;:&quot;underline_zigzag&quot;,&quot;highlighted_text&quot;:&quot;Proquinat&quot;,&quot;headline_style&quot;:&quot;highlight&quot;,&quot;loop&quot;:&quot;yes&quot;,&quot;highlight_animation_duration&quot;:1200,&quot;highlight_iteration_delay&quot;:8000}\" data-widget_type=\"animated-headline.default\">\n\t\t\t\t<div class=\"elementor-widget-container\">\n\t\t\t\t\t\t\t<h1 class=\"elementor-headline\">\n\t\t\t\t\t<span class=\"elementor-headline-plain-text elementor-headline-text-wrapper\">Paraffins et cires<\/span>\n\t\t\t\t<span class=\"elementor-headline-dynamic-wrapper elementor-headline-text-wrapper\">\n\t\t\t\t\t<span class=\"elementor-headline-dynamic-text elementor-headline-text-active\">Proquinat<\/span>\n\t\t\t\t<\/span>\n\t\t\t\t<\/h1>\n\t\t\t\t\t\t<\/div>\n\t\t\t\t<\/div>\n\t\t\t\t\t<\/div>\n\t\t<\/div>\n\t\t\t\t\t<\/div>\n\t\t<\/section>\n\t\t\t\t<section class=\"elementor-section elementor-top-section elementor-element elementor-element-34652c7c elementor-section-boxed elementor-section-height-default elementor-section-height-default\" data-id=\"34652c7c\" data-element_type=\"section\">\n\t\t\t\t\t\t<div class=\"elementor-container elementor-column-gap-default\">\n\t\t\t\t\t<div class=\"elementor-column elementor-col-100 elementor-top-column elementor-element elementor-element-650d3d76\" data-id=\"650d3d76\" data-element_type=\"column\">\n\t\t\t<div class=\"elementor-widget-wrap elementor-element-populated\">\n\t\t\t\t\t\t<div class=\"elementor-element elementor-element-204700b7 elementor-widget elementor-widget-text-editor\" data-id=\"204700b7\" data-element_type=\"widget\" data-widget_type=\"text-editor.default\">\n\t\t\t\t<div class=\"elementor-widget-container\">\n\t\t\t\t\t\t\t\t\t<p>Nous avons l\u2019un des portefeuilles les plus complets de paraffines, cires d\u2019abeille, cires v\u00e9g\u00e9tales, cire de carnauba, cires microcristallines et autres d\u00e9riv\u00e9s.<\/p>\n<p>Toutes nos r\u00e9f\u00e9rences proviennent des meilleurs fournisseurs du monde, offrant une assurance qualit\u00e9 et r\u00e9pondant aux normes internationales les plus exigeantes.<\/p>\n\t\t\t\t\t\t\t\t<\/div>\n\t\t\t\t<\/div>\n\t\t\t\t\t<\/div>\n\t\t<\/div>\n\t\t\t\t\t<\/div>\n\t\t<\/section>\n\t\t\t\t<section class=\"elementor-section elementor-top-section elementor-element elementor-element-aa28411 elementor-section-boxed elementor-section-height-default elementor-section-height-default\" data-id=\"aa28411\" data-element_type=\"section\">\n\t\t\t\t\t\t<div class=\"elementor-container elementor-column-gap-default\">\n\t\t\t\t\t<div class=\"elementor-column elementor-col-33 elementor-top-column elementor-element elementor-element-5fe80f29\" data-id=\"5fe80f29\" data-element_type=\"column\">\n\t\t\t<div class=\"elementor-widget-wrap elementor-element-populated\">\n\t\t\t\t\t\t<div class=\"elementor-element elementor-element-449a7023 elementor-widget elementor-widget-image\" data-id=\"449a7023\" data-element_type=\"widget\" data-widget_type=\"image.default\">\n\t\t\t\t<div class=\"elementor-widget-container\">\n\t\t\t\t\t\t\t\t\t\t\t\t\t\t\t\t<a href=\"https:\/\/old.proquinat.com\/fr\/paraffines\/\">\n\t\t\t\t\t\t\t<img fetchpriority=\"high\" decoding=\"async\" width=\"900\" height=\"900\" src=\"https:\/\/old.proquinat.com\/wp-content\/uploads\/2020\/07\/PARAFINAS-Productes-quimics-naturals-Proquinat-1.png\" class=\"attachment-full size-full wp-image-37\" alt=\"\" srcset=\"https:\/\/old.proquinat.com\/wp-content\/uploads\/2020\/07\/PARAFINAS-Productes-quimics-naturals-Proquinat-1.png 900w, https:\/\/old.proquinat.com\/wp-content\/uploads\/2020\/07\/PARAFINAS-Productes-quimics-naturals-Proquinat-1-300x300.png 300w, https:\/\/old.proquinat.com\/wp-content\/uploads\/2020\/07\/PARAFINAS-Productes-quimics-naturals-Proquinat-1-150x150.png 150w, https:\/\/old.proquinat.com\/wp-content\/uploads\/2020\/07\/PARAFINAS-Productes-quimics-naturals-Proquinat-1-768x768.png 768w\" sizes=\"(max-width: 900px) 100vw, 900px\" \/>\t\t\t\t\t\t\t\t<\/a>\n\t\t\t\t\t\t\t\t\t\t\t\t\t\t\t<\/div>\n\t\t\t\t<\/div>\n\t\t\t\t<div class=\"elementor-element elementor-element-78537b6b elementor-widget elementor-widget-heading\" data-id=\"78537b6b\" data-element_type=\"widget\" data-widget_type=\"heading.default\">\n\t\t\t\t<div class=\"elementor-widget-container\">\n\t\t\t\t\t<h2 class=\"elementor-heading-title elementor-size-default\"><a href=\"https:\/\/old.proquinat.com\/fr\/paraffines\/\">Paraffine<\/a><\/h2>\t\t\t\t<\/div>\n\t\t\t\t<\/div>\n\t\t\t\t\t<\/div>\n\t\t<\/div>\n\t\t\t\t<div class=\"elementor-column elementor-col-33 elementor-top-column elementor-element elementor-element-6a467994\" data-id=\"6a467994\" data-element_type=\"column\">\n\t\t\t<div class=\"elementor-widget-wrap elementor-element-populated\">\n\t\t\t\t\t\t<div class=\"elementor-element elementor-element-78aba0d2 elementor-widget elementor-widget-image\" data-id=\"78aba0d2\" data-element_type=\"widget\" data-widget_type=\"image.default\">\n\t\t\t\t<div class=\"elementor-widget-container\">\n\t\t\t\t\t\t\t\t\t\t\t\t\t\t\t\t<a href=\"https:\/\/old.proquinat.com\/fr\/cires-microcristallines\/\">\n\t\t\t\t\t\t\t<img decoding=\"async\" width=\"900\" height=\"900\" src=\"https:\/\/old.proquinat.com\/wp-content\/uploads\/2020\/07\/CERAS-MICROCRISTALINAS-Productes-quimics-naturals-Proquinat-1.png\" class=\"attachment-full size-full wp-image-38\" alt=\"Productos ceras microcristalinas\" srcset=\"https:\/\/old.proquinat.com\/wp-content\/uploads\/2020\/07\/CERAS-MICROCRISTALINAS-Productes-quimics-naturals-Proquinat-1.png 900w, https:\/\/old.proquinat.com\/wp-content\/uploads\/2020\/07\/CERAS-MICROCRISTALINAS-Productes-quimics-naturals-Proquinat-1-300x300.png 300w, https:\/\/old.proquinat.com\/wp-content\/uploads\/2020\/07\/CERAS-MICROCRISTALINAS-Productes-quimics-naturals-Proquinat-1-150x150.png 150w, https:\/\/old.proquinat.com\/wp-content\/uploads\/2020\/07\/CERAS-MICROCRISTALINAS-Productes-quimics-naturals-Proquinat-1-768x768.png 768w\" sizes=\"(max-width: 900px) 100vw, 900px\" \/>\t\t\t\t\t\t\t\t<\/a>\n\t\t\t\t\t\t\t\t\t\t\t\t\t\t\t<\/div>\n\t\t\t\t<\/div>\n\t\t\t\t<div class=\"elementor-element elementor-element-7bb0125c elementor-widget elementor-widget-heading\" data-id=\"7bb0125c\" data-element_type=\"widget\" data-widget_type=\"heading.default\">\n\t\t\t\t<div class=\"elementor-widget-container\">\n\t\t\t\t\t<h2 class=\"elementor-heading-title elementor-size-default\"><a href=\"https:\/\/old.proquinat.com\/fr\/cires-microcristallines\/\">Cires Microcristallines<\/a><\/h2>\t\t\t\t<\/div>\n\t\t\t\t<\/div>\n\t\t\t\t\t<\/div>\n\t\t<\/div>\n\t\t\t\t<div class=\"elementor-column elementor-col-33 elementor-top-column elementor-element elementor-element-1003f6fd\" data-id=\"1003f6fd\" data-element_type=\"column\">\n\t\t\t<div class=\"elementor-widget-wrap elementor-element-populated\">\n\t\t\t\t\t\t<div class=\"elementor-element elementor-element-710f28f1 elementor-widget elementor-widget-image\" data-id=\"710f28f1\" data-element_type=\"widget\" data-widget_type=\"image.default\">\n\t\t\t\t<div class=\"elementor-widget-container\">\n\t\t\t\t\t\t\t\t\t\t\t\t\t\t\t\t<a href=\"https:\/\/old.proquinat.com\/fr\/cire-dabeille\/\">\n\t\t\t\t\t\t\t<img decoding=\"async\" width=\"900\" height=\"900\" src=\"https:\/\/old.proquinat.com\/wp-content\/uploads\/2020\/07\/CERA-DE-ABEJAS-Productes-quimics-naturals-Proquinat-1.png\" class=\"attachment-full size-full wp-image-39\" alt=\"Productos cera de abejas\" srcset=\"https:\/\/old.proquinat.com\/wp-content\/uploads\/2020\/07\/CERA-DE-ABEJAS-Productes-quimics-naturals-Proquinat-1.png 900w, https:\/\/old.proquinat.com\/wp-content\/uploads\/2020\/07\/CERA-DE-ABEJAS-Productes-quimics-naturals-Proquinat-1-300x300.png 300w, https:\/\/old.proquinat.com\/wp-content\/uploads\/2020\/07\/CERA-DE-ABEJAS-Productes-quimics-naturals-Proquinat-1-150x150.png 150w, https:\/\/old.proquinat.com\/wp-content\/uploads\/2020\/07\/CERA-DE-ABEJAS-Productes-quimics-naturals-Proquinat-1-768x768.png 768w\" sizes=\"(max-width: 900px) 100vw, 900px\" \/>\t\t\t\t\t\t\t\t<\/a>\n\t\t\t\t\t\t\t\t\t\t\t\t\t\t\t<\/div>\n\t\t\t\t<\/div>\n\t\t\t\t<div class=\"elementor-element elementor-element-12cc3363 elementor-widget elementor-widget-heading\" data-id=\"12cc3363\" data-element_type=\"widget\" data-widget_type=\"heading.default\">\n\t\t\t\t<div class=\"elementor-widget-container\">\n\t\t\t\t\t<h2 class=\"elementor-heading-title elementor-size-default\"><a href=\"https:\/\/old.proquinat.com\/fr\/cire-dabeille\/\">Cire d\u2019Abeille<\/a><\/h2>\t\t\t\t<\/div>\n\t\t\t\t<\/div>\n\t\t\t\t\t<\/div>\n\t\t<\/div>\n\t\t\t\t\t<\/div>\n\t\t<\/section>\n\t\t\t\t<section class=\"elementor-section elementor-top-section elementor-element elementor-element-43865f60 elementor-section-boxed elementor-section-height-default elementor-section-height-default\" data-id=\"43865f60\" data-element_type=\"section\">\n\t\t\t\t\t\t<div class=\"elementor-container elementor-column-gap-default\">\n\t\t\t\t\t<div class=\"elementor-column elementor-col-33 elementor-top-column elementor-element elementor-element-b24f5f7\" data-id=\"b24f5f7\" data-element_type=\"column\">\n\t\t\t<div class=\"elementor-widget-wrap elementor-element-populated\">\n\t\t\t\t\t\t<div class=\"elementor-element elementor-element-44af050a elementor-widget elementor-widget-image\" data-id=\"44af050a\" data-element_type=\"widget\" data-widget_type=\"image.default\">\n\t\t\t\t<div class=\"elementor-widget-container\">\n\t\t\t\t\t\t\t\t\t\t\t\t\t\t\t\t<a href=\"https:\/\/old.proquinat.com\/fr\/cires-et-huiles-vegetales\/\">\n\t\t\t\t\t\t\t<img loading=\"lazy\" decoding=\"async\" width=\"900\" height=\"900\" src=\"https:\/\/old.proquinat.com\/wp-content\/uploads\/2020\/07\/CERAS-Y-ACEITES-VEGETALES-Productes-quimics-naturals-Proquinat.png\" class=\"attachment-full size-full wp-image-40\" alt=\"ceras vegetales y aceites vegetales\" srcset=\"https:\/\/old.proquinat.com\/wp-content\/uploads\/2020\/07\/CERAS-Y-ACEITES-VEGETALES-Productes-quimics-naturals-Proquinat.png 900w, https:\/\/old.proquinat.com\/wp-content\/uploads\/2020\/07\/CERAS-Y-ACEITES-VEGETALES-Productes-quimics-naturals-Proquinat-300x300.png 300w, https:\/\/old.proquinat.com\/wp-content\/uploads\/2020\/07\/CERAS-Y-ACEITES-VEGETALES-Productes-quimics-naturals-Proquinat-150x150.png 150w, https:\/\/old.proquinat.com\/wp-content\/uploads\/2020\/07\/CERAS-Y-ACEITES-VEGETALES-Productes-quimics-naturals-Proquinat-768x768.png 768w\" sizes=\"(max-width: 900px) 100vw, 900px\" \/>\t\t\t\t\t\t\t\t<\/a>\n\t\t\t\t\t\t\t\t\t\t\t\t\t\t\t<\/div>\n\t\t\t\t<\/div>\n\t\t\t\t<div class=\"elementor-element elementor-element-7bd2f184 elementor-widget elementor-widget-heading\" data-id=\"7bd2f184\" data-element_type=\"widget\" data-widget_type=\"heading.default\">\n\t\t\t\t<div class=\"elementor-widget-container\">\n\t\t\t\t\t<h2 class=\"elementor-heading-title elementor-size-default\"><a href=\"https:\/\/old.proquinat.com\/fr\/cires-et-huiles-vegetales\/\">Cires et Huiles V\u00e9g\u00e9tales<\/a><\/h2>\t\t\t\t<\/div>\n\t\t\t\t<\/div>\n\t\t\t\t\t<\/div>\n\t\t<\/div>\n\t\t\t\t<div class=\"elementor-column elementor-col-33 elementor-top-column elementor-element elementor-element-372f3962\" data-id=\"372f3962\" data-element_type=\"column\">\n\t\t\t<div class=\"elementor-widget-wrap elementor-element-populated\">\n\t\t\t\t\t\t<div class=\"elementor-element elementor-element-5a21d94e elementor-widget elementor-widget-image\" data-id=\"5a21d94e\" data-element_type=\"widget\" data-widget_type=\"image.default\">\n\t\t\t\t<div class=\"elementor-widget-container\">\n\t\t\t\t\t\t\t\t\t\t\t\t\t\t\t\t<a href=\"https:\/\/old.proquinat.com\/fr\/cire-de-carnauba\/\">\n\t\t\t\t\t\t\t<img loading=\"lazy\" decoding=\"async\" width=\"900\" height=\"900\" src=\"https:\/\/old.proquinat.com\/wp-content\/uploads\/2020\/07\/CERA-DE-CARNAUBA-Productes-quimics-naturals-Proquinat-1.png\" class=\"attachment-full size-full wp-image-41\" alt=\"Productos cera de carnauba\" srcset=\"https:\/\/old.proquinat.com\/wp-content\/uploads\/2020\/07\/CERA-DE-CARNAUBA-Productes-quimics-naturals-Proquinat-1.png 900w, https:\/\/old.proquinat.com\/wp-content\/uploads\/2020\/07\/CERA-DE-CARNAUBA-Productes-quimics-naturals-Proquinat-1-300x300.png 300w, https:\/\/old.proquinat.com\/wp-content\/uploads\/2020\/07\/CERA-DE-CARNAUBA-Productes-quimics-naturals-Proquinat-1-150x150.png 150w, https:\/\/old.proquinat.com\/wp-content\/uploads\/2020\/07\/CERA-DE-CARNAUBA-Productes-quimics-naturals-Proquinat-1-768x768.png 768w\" sizes=\"(max-width: 900px) 100vw, 900px\" \/>\t\t\t\t\t\t\t\t<\/a>\n\t\t\t\t\t\t\t\t\t\t\t\t\t\t\t<\/div>\n\t\t\t\t<\/div>\n\t\t\t\t<div class=\"elementor-element elementor-element-6d6555c5 elementor-widget elementor-widget-heading\" data-id=\"6d6555c5\" data-element_type=\"widget\" data-widget_type=\"heading.default\">\n\t\t\t\t<div class=\"elementor-widget-container\">\n\t\t\t\t\t<h2 class=\"elementor-heading-title elementor-size-default\"><a href=\"https:\/\/old.proquinat.com\/fr\/cire-de-carnauba\/\">Cire de Carnauba<\/a><\/h2>\t\t\t\t<\/div>\n\t\t\t\t<\/div>\n\t\t\t\t\t<\/div>\n\t\t<\/div>\n\t\t\t\t<div class=\"elementor-column elementor-col-33 elementor-top-column elementor-element elementor-element-ca6eb2f\" data-id=\"ca6eb2f\" data-element_type=\"column\">\n\t\t\t<div class=\"elementor-widget-wrap elementor-element-populated\">\n\t\t\t\t\t\t<div class=\"elementor-element elementor-element-22223f29 elementor-widget elementor-widget-image\" data-id=\"22223f29\" data-element_type=\"widget\" data-widget_type=\"image.default\">\n\t\t\t\t<div class=\"elementor-widget-container\">\n\t\t\t\t\t\t\t\t\t\t\t\t\t\t\t\t<a href=\"https:\/\/old.proquinat.com\/fr\/autres-produits\/\">\n\t\t\t\t\t\t\t<img loading=\"lazy\" decoding=\"async\" width=\"900\" height=\"900\" src=\"https:\/\/old.proquinat.com\/wp-content\/uploads\/2020\/07\/OTROS-PRODUCTOS-Productes-quimics-naturals-Proquinat-1.png\" class=\"attachment-full size-full wp-image-42\" alt=\"\" srcset=\"https:\/\/old.proquinat.com\/wp-content\/uploads\/2020\/07\/OTROS-PRODUCTOS-Productes-quimics-naturals-Proquinat-1.png 900w, https:\/\/old.proquinat.com\/wp-content\/uploads\/2020\/07\/OTROS-PRODUCTOS-Productes-quimics-naturals-Proquinat-1-300x300.png 300w, https:\/\/old.proquinat.com\/wp-content\/uploads\/2020\/07\/OTROS-PRODUCTOS-Productes-quimics-naturals-Proquinat-1-150x150.png 150w, https:\/\/old.proquinat.com\/wp-content\/uploads\/2020\/07\/OTROS-PRODUCTOS-Productes-quimics-naturals-Proquinat-1-768x768.png 768w\" sizes=\"(max-width: 900px) 100vw, 900px\" \/>\t\t\t\t\t\t\t\t<\/a>\n\t\t\t\t\t\t\t\t\t\t\t\t\t\t\t<\/div>\n\t\t\t\t<\/div>\n\t\t\t\t<div class=\"elementor-element elementor-element-362a95 elementor-widget elementor-widget-heading\" data-id=\"362a95\" data-element_type=\"widget\" data-widget_type=\"heading.default\">\n\t\t\t\t<div class=\"elementor-widget-container\">\n\t\t\t\t\t<h2 class=\"elementor-heading-title elementor-size-default\"><a href=\"https:\/\/old.proquinat.com\/fr\/autres-produits\/\">Autres produits<\/a><\/h2>\t\t\t\t<\/div>\n\t\t\t\t<\/div>\n\t\t\t\t\t<\/div>\n\t\t<\/div>\n\t\t\t\t\t<\/div>\n\t\t<\/section>\n\t\t\t\t<\/div>\n\t\t","protected":false},"excerpt":{"rendered":"<p>Paraffins et cires Proquinat Nous avons l\u2019un des portefeuilles les plus complets de paraffines, cires d\u2019abeille, cires v\u00e9g\u00e9tales, cire de carnauba, cires microcristallines et autres d\u00e9riv\u00e9s. Toutes nos r\u00e9f\u00e9rences proviennent des meilleurs fournisseurs du monde, offrant une assurance qualit\u00e9 et r\u00e9pondant aux normes internationales les plus exigeantes. Paraffine Cires Microcristallines Cire d\u2019Abeille Cires et Huiles [&hellip;]<\/p>\n","protected":false},"author":2,"featured_media":0,"parent":0,"menu_order":0,"comment_status":"closed","ping_status":"closed","template":"","meta":{"content-type":"","om_disable_all_campaigns":false,"_monsterinsights_skip_tracking":false,"_monsterinsights_sitenote_active":false,"_monsterinsights_sitenote_note":"","_monsterinsights_sitenote_category":0,"_uf_show_specific_survey":0,"_uf_disable_surveys":false,"footnotes":""},"class_list":["post-227","page","type-page","status-publish","hentry"],"yoast_head":"<!-- This site is optimized with the Yoast SEO plugin v26.1.1 - https:\/\/yoast.com\/wordpress\/plugins\/seo\/ -->\n<title>Paraffins et cires | Proquinat<\/title>\n<meta name=\"description\" content=\"Cires v\u00e9g\u00e9tales, paraffines, cires microcristallines, cire d&#039;abeille, carnauba .. pour diff\u00e9rentes industries: cosm\u00e9tiques, pharmaceutique\" \/>\n<meta name=\"robots\" content=\"noindex, follow, max-snippet:-1, max-image-preview:large, max-video-preview:-1\" \/>\n<meta property=\"og:locale\" content=\"fr_FR\" \/>\n<meta property=\"og:type\" content=\"article\" \/>\n<meta property=\"og:title\" content=\"Paraffins et cires | Proquinat\" \/>\n<meta property=\"og:description\" content=\"Cires v\u00e9g\u00e9tales, paraffines, cires microcristallines, cire d&#039;abeille, carnauba .. pour diff\u00e9rentes industries: cosm\u00e9tiques, pharmaceutique\" \/>\n<meta property=\"og:url\" content=\"https:\/\/old.proquinat.com\/fr\/produits\/\" \/>\n<meta property=\"og:site_name\" content=\"Proquinat\" \/>\n<meta property=\"article:modified_time\" content=\"2023-09-28T23:18:54+00:00\" \/>\n<meta property=\"og:image\" content=\"https:\/\/old.proquinat.com\/wp-content\/uploads\/2020\/07\/PARAFINAS-Productes-quimics-naturals-Proquinat-1.png\" \/>\n<meta name=\"twitter:card\" content=\"summary_large_image\" \/>\n<meta name=\"twitter:label1\" content=\"Dur\u00e9e de lecture estim\u00e9e\" \/>\n\t<meta name=\"twitter:data1\" content=\"2 minutes\" \/>\n<script type=\"application\/ld+json\" class=\"yoast-schema-graph\">{\"@context\":\"https:\/\/schema.org\",\"@graph\":[{\"@type\":\"WebPage\",\"@id\":\"https:\/\/old.proquinat.com\/fr\/produits\/\",\"url\":\"https:\/\/old.proquinat.com\/fr\/produits\/\",\"name\":\"Paraffins et cires | Proquinat\",\"isPartOf\":{\"@id\":\"https:\/\/old.proquinat.com\/#website\"},\"primaryImageOfPage\":{\"@id\":\"https:\/\/old.proquinat.com\/fr\/produits\/#primaryimage\"},\"image\":{\"@id\":\"https:\/\/old.proquinat.com\/fr\/produits\/#primaryimage\"},\"thumbnailUrl\":\"https:\/\/old.proquinat.com\/wp-content\/uploads\/2020\/07\/PARAFINAS-Productes-quimics-naturals-Proquinat-1.png\",\"datePublished\":\"2020-07-31T11:18:28+00:00\",\"dateModified\":\"2023-09-28T23:18:54+00:00\",\"description\":\"Cires v\u00e9g\u00e9tales, paraffines, cires microcristallines, cire d'abeille, carnauba .. pour diff\u00e9rentes industries: cosm\u00e9tiques, pharmaceutique\",\"breadcrumb\":{\"@id\":\"https:\/\/old.proquinat.com\/fr\/produits\/#breadcrumb\"},\"inLanguage\":\"fr-FR\",\"potentialAction\":[{\"@type\":\"ReadAction\",\"target\":[\"https:\/\/old.proquinat.com\/fr\/produits\/\"]}]},{\"@type\":\"ImageObject\",\"inLanguage\":\"fr-FR\",\"@id\":\"https:\/\/old.proquinat.com\/fr\/produits\/#primaryimage\",\"url\":\"https:\/\/old.proquinat.com\/wp-content\/uploads\/2020\/07\/PARAFINAS-Productes-quimics-naturals-Proquinat-1.png\",\"contentUrl\":\"https:\/\/old.proquinat.com\/wp-content\/uploads\/2020\/07\/PARAFINAS-Productes-quimics-naturals-Proquinat-1.png\"},{\"@type\":\"BreadcrumbList\",\"@id\":\"https:\/\/old.proquinat.com\/fr\/produits\/#breadcrumb\",\"itemListElement\":[{\"@type\":\"ListItem\",\"position\":1,\"name\":\"Portada\",\"item\":\"https:\/\/old.proquinat.com\/fr\/\"},{\"@type\":\"ListItem\",\"position\":2,\"name\":\"Produits\"}]},{\"@type\":\"WebSite\",\"@id\":\"https:\/\/old.proquinat.com\/#website\",\"url\":\"https:\/\/old.proquinat.com\/\",\"name\":\"Proquinat\",\"description\":\"Distribuidor de productes quimics naturals, fabricante de toda clase de ceras y parafinas\",\"publisher\":{\"@id\":\"https:\/\/old.proquinat.com\/#organization\"},\"potentialAction\":[{\"@type\":\"SearchAction\",\"target\":{\"@type\":\"EntryPoint\",\"urlTemplate\":\"https:\/\/old.proquinat.com\/?s={search_term_string}\"},\"query-input\":{\"@type\":\"PropertyValueSpecification\",\"valueRequired\":true,\"valueName\":\"search_term_string\"}}],\"inLanguage\":\"fr-FR\"},{\"@type\":\"Organization\",\"@id\":\"https:\/\/old.proquinat.com\/#organization\",\"name\":\"Productes Qu\u00edmics Naturals SL\",\"alternateName\":\"Proquinat\",\"url\":\"https:\/\/old.proquinat.com\/\",\"logo\":{\"@type\":\"ImageObject\",\"inLanguage\":\"fr-FR\",\"@id\":\"https:\/\/old.proquinat.com\/#\/schema\/logo\/image\/\",\"url\":\"https:\/\/old.proquinat.com\/wp-content\/uploads\/2020\/07\/logo-proquinat-2.png\",\"contentUrl\":\"https:\/\/old.proquinat.com\/wp-content\/uploads\/2020\/07\/logo-proquinat-2.png\",\"width\":408,\"height\":68,\"caption\":\"Productes Qu\u00edmics Naturals SL\"},\"image\":{\"@id\":\"https:\/\/old.proquinat.com\/#\/schema\/logo\/image\/\"}}]}<\/script>\n<!-- \/ Yoast SEO plugin. -->","yoast_head_json":{"title":"Paraffins et cires | Proquinat","description":"Cires v\u00e9g\u00e9tales, paraffines, cires microcristallines, cire d'abeille, carnauba .. pour diff\u00e9rentes industries: cosm\u00e9tiques, pharmaceutique","robots":{"index":"noindex","follow":"follow","max-snippet":"max-snippet:-1","max-image-preview":"max-image-preview:large","max-video-preview":"max-video-preview:-1"},"og_locale":"fr_FR","og_type":"article","og_title":"Paraffins et cires | Proquinat","og_description":"Cires v\u00e9g\u00e9tales, paraffines, cires microcristallines, cire d'abeille, carnauba .. pour diff\u00e9rentes industries: cosm\u00e9tiques, pharmaceutique","og_url":"https:\/\/old.proquinat.com\/fr\/produits\/","og_site_name":"Proquinat","article_modified_time":"2023-09-28T23:18:54+00:00","og_image":[{"url":"https:\/\/old.proquinat.com\/wp-content\/uploads\/2020\/07\/PARAFINAS-Productes-quimics-naturals-Proquinat-1.png","type":"","width":"","height":""}],"twitter_card":"summary_large_image","twitter_misc":{"Dur\u00e9e de lecture estim\u00e9e":"2 minutes"},"schema":{"@context":"https:\/\/schema.org","@graph":[{"@type":"WebPage","@id":"https:\/\/old.proquinat.com\/fr\/produits\/","url":"https:\/\/old.proquinat.com\/fr\/produits\/","name":"Paraffins et cires | Proquinat","isPartOf":{"@id":"https:\/\/old.proquinat.com\/#website"},"primaryImageOfPage":{"@id":"https:\/\/old.proquinat.com\/fr\/produits\/#primaryimage"},"image":{"@id":"https:\/\/old.proquinat.com\/fr\/produits\/#primaryimage"},"thumbnailUrl":"https:\/\/old.proquinat.com\/wp-content\/uploads\/2020\/07\/PARAFINAS-Productes-quimics-naturals-Proquinat-1.png","datePublished":"2020-07-31T11:18:28+00:00","dateModified":"2023-09-28T23:18:54+00:00","description":"Cires v\u00e9g\u00e9tales, paraffines, cires microcristallines, cire d'abeille, carnauba .. pour diff\u00e9rentes industries: cosm\u00e9tiques, pharmaceutique","breadcrumb":{"@id":"https:\/\/old.proquinat.com\/fr\/produits\/#breadcrumb"},"inLanguage":"fr-FR","potentialAction":[{"@type":"ReadAction","target":["https:\/\/old.proquinat.com\/fr\/produits\/"]}]},{"@type":"ImageObject","inLanguage":"fr-FR","@id":"https:\/\/old.proquinat.com\/fr\/produits\/#primaryimage","url":"https:\/\/old.proquinat.com\/wp-content\/uploads\/2020\/07\/PARAFINAS-Productes-quimics-naturals-Proquinat-1.png","contentUrl":"https:\/\/old.proquinat.com\/wp-content\/uploads\/2020\/07\/PARAFINAS-Productes-quimics-naturals-Proquinat-1.png"},{"@type":"BreadcrumbList","@id":"https:\/\/old.proquinat.com\/fr\/produits\/#breadcrumb","itemListElement":[{"@type":"ListItem","position":1,"name":"Portada","item":"https:\/\/old.proquinat.com\/fr\/"},{"@type":"ListItem","position":2,"name":"Produits"}]},{"@type":"WebSite","@id":"https:\/\/old.proquinat.com\/#website","url":"https:\/\/old.proquinat.com\/","name":"Proquinat","description":"Distribuidor de productes quimics naturals, fabricante de toda clase de ceras y parafinas","publisher":{"@id":"https:\/\/old.proquinat.com\/#organization"},"potentialAction":[{"@type":"SearchAction","target":{"@type":"EntryPoint","urlTemplate":"https:\/\/old.proquinat.com\/?s={search_term_string}"},"query-input":{"@type":"PropertyValueSpecification","valueRequired":true,"valueName":"search_term_string"}}],"inLanguage":"fr-FR"},{"@type":"Organization","@id":"https:\/\/old.proquinat.com\/#organization","name":"Productes Qu\u00edmics Naturals SL","alternateName":"Proquinat","url":"https:\/\/old.proquinat.com\/","logo":{"@type":"ImageObject","inLanguage":"fr-FR","@id":"https:\/\/old.proquinat.com\/#\/schema\/logo\/image\/","url":"https:\/\/old.proquinat.com\/wp-content\/uploads\/2020\/07\/logo-proquinat-2.png","contentUrl":"https:\/\/old.proquinat.com\/wp-content\/uploads\/2020\/07\/logo-proquinat-2.png","width":408,"height":68,"caption":"Productes Qu\u00edmics Naturals SL"},"image":{"@id":"https:\/\/old.proquinat.com\/#\/schema\/logo\/image\/"}}]}},"_links":{"self":[{"href":"https:\/\/old.proquinat.com\/fr\/wp-json\/wp\/v2\/pages\/227","targetHints":{"allow":["GET"]}}],"collection":[{"href":"https:\/\/old.proquinat.com\/fr\/wp-json\/wp\/v2\/pages"}],"about":[{"href":"https:\/\/old.proquinat.com\/fr\/wp-json\/wp\/v2\/types\/page"}],"author":[{"embeddable":true,"href":"https:\/\/old.proquinat.com\/fr\/wp-json\/wp\/v2\/users\/2"}],"replies":[{"embeddable":true,"href":"https:\/\/old.proquinat.com\/fr\/wp-json\/wp\/v2\/comments?post=227"}],"version-history":[{"count":5,"href":"https:\/\/old.proquinat.com\/fr\/wp-json\/wp\/v2\/pages\/227\/revisions"}],"predecessor-version":[{"id":2762,"href":"https:\/\/old.proquinat.com\/fr\/wp-json\/wp\/v2\/pages\/227\/revisions\/2762"}],"wp:attachment":[{"href":"https:\/\/old.proquinat.com\/fr\/wp-json\/wp\/v2\/media?parent=227"}],"curies":[{"name":"wp","href":"https:\/\/api.w.org\/{rel}","templated":true}]}}