{"id":240,"date":"2020-07-31T11:21:26","date_gmt":"2020-07-31T11:21:26","guid":{"rendered":"https:\/\/old.proquinat.com\/?page_id=240"},"modified":"2025-07-16T16:32:59","modified_gmt":"2025-07-16T14:32:59","slug":"contact","status":"publish","type":"page","link":"https:\/\/old.proquinat.com\/fr\/contact\/","title":{"rendered":"Contact"},"content":{"rendered":"\t\t<div data-elementor-type=\"wp-page\" data-elementor-id=\"240\" class=\"elementor elementor-240\" data-elementor-post-type=\"page\">\n\t\t\t\t\t\t<section class=\"elementor-section elementor-top-section elementor-element elementor-element-6501f5fd elementor-section-boxed elementor-section-height-default elementor-section-height-default\" data-id=\"6501f5fd\" data-element_type=\"section\">\n\t\t\t\t\t\t<div class=\"elementor-container elementor-column-gap-default\">\n\t\t\t\t\t<div class=\"elementor-column elementor-col-100 elementor-top-column elementor-element elementor-element-4c76aa80\" data-id=\"4c76aa80\" data-element_type=\"column\">\n\t\t\t<div class=\"elementor-widget-wrap elementor-element-populated\">\n\t\t\t\t\t\t<div class=\"elementor-element elementor-element-37c3042 elementor-headline--style-highlight elementor-widget elementor-widget-animated-headline\" data-id=\"37c3042\" data-element_type=\"widget\" data-settings=\"{&quot;marker&quot;:&quot;underline&quot;,&quot;highlighted_text&quot;:&quot; sans engagement!&quot;,&quot;headline_style&quot;:&quot;highlight&quot;,&quot;loop&quot;:&quot;yes&quot;,&quot;highlight_animation_duration&quot;:1200,&quot;highlight_iteration_delay&quot;:8000}\" data-widget_type=\"animated-headline.default\">\n\t\t\t\t<div class=\"elementor-widget-container\">\n\t\t\t\t\t\t\t<h1 class=\"elementor-headline\">\n\t\t\t\t\t<span class=\"elementor-headline-plain-text elementor-headline-text-wrapper\">\u00a1Obtenez votre devis<\/span>\n\t\t\t\t<span class=\"elementor-headline-dynamic-wrapper elementor-headline-text-wrapper\">\n\t\t\t\t\t<span class=\"elementor-headline-dynamic-text elementor-headline-text-active\"> sans engagement!<\/span>\n\t\t\t\t<\/span>\n\t\t\t\t<\/h1>\n\t\t\t\t\t\t<\/div>\n\t\t\t\t<\/div>\n\t\t\t\t<div class=\"elementor-element elementor-element-2a75229 elementor-widget elementor-widget-text-editor\" data-id=\"2a75229\" data-element_type=\"widget\" data-widget_type=\"text-editor.default\">\n\t\t\t\t<div class=\"elementor-widget-container\">\n\t\t\t\t\t\t\t\t\t<p class=\"p1\"><b>Si vous recherchez une solution adapt\u00e9e aux applications de plus de 500 kg, n&rsquo;h\u00e9sitez pas \u00e0 nous contacter. Notre \u00e9quipe est l\u00e0 pour vous conseiller et vous apporter l&rsquo;assistance dont vous avez besoin.<\/b><\/p>\t\t\t\t\t\t\t\t<\/div>\n\t\t\t\t<\/div>\n\t\t\t\t\t<\/div>\n\t\t<\/div>\n\t\t\t\t\t<\/div>\n\t\t<\/section>\n\t\t\t\t<section class=\"elementor-section elementor-top-section elementor-element elementor-element-ba0b4f3 elementor-section-boxed elementor-section-height-default elementor-section-height-default\" data-id=\"ba0b4f3\" data-element_type=\"section\">\n\t\t\t\t\t\t<div class=\"elementor-container elementor-column-gap-default\">\n\t\t\t\t\t<div class=\"elementor-column elementor-col-16 elementor-top-column elementor-element elementor-element-f09dd64\" data-id=\"f09dd64\" data-element_type=\"column\">\n\t\t\t<div class=\"elementor-widget-wrap\">\n\t\t\t\t\t\t\t<\/div>\n\t\t<\/div>\n\t\t\t\t<div class=\"elementor-column elementor-col-66 elementor-top-column elementor-element elementor-element-d99aae6\" data-id=\"d99aae6\" data-element_type=\"column\">\n\t\t\t<div class=\"elementor-widget-wrap elementor-element-populated\">\n\t\t\t\t\t\t<div class=\"elementor-element elementor-element-2bb280d8 elementor-widget elementor-widget-text-editor\" data-id=\"2bb280d8\" data-element_type=\"widget\" data-widget_type=\"text-editor.default\">\n\t\t\t\t<div class=\"elementor-widget-container\">\n\t\t\t\t\t\t\t\t\t<p>\u00c9crivez-nous et nous serons heureux de vous aider<\/p>\n\t\t\t\t\t\t\t\t<\/div>\n\t\t\t\t<\/div>\n\t\t\t\t<div class=\"elementor-element elementor-element-ec3b632 elementor-widget elementor-widget-hubspot-form\" data-id=\"ec3b632\" data-element_type=\"widget\" data-widget_type=\"hubspot-form.default\">\n\t\t\t\t<div class=\"elementor-widget-container\">\n\t\t\t\t\t\n\t\t\t\t\t\t<script>\n\t\t\t\t\t\t\twindow.hsFormsOnReady = window.hsFormsOnReady || [];\n\t\t\t\t\t\t\twindow.hsFormsOnReady.push(()=>{\n\t\t\t\t\t\t\t\thbspt.forms.create({\n\t\t\t\t\t\t\t\t\tportalId: 26497194,\n\t\t\t\t\t\t\t\t\tformId: \"5e6f69c4-9983-47b6-89be-5a4dd8e6fd59\",\n\t\t\t\t\t\t\t\t\ttarget: \"#hbspt-form-1777502659000-9377204691\",\n\t\t\t\t\t\t\t\t\tregion: \"eu1\",\n\t\t\t\t\t\t\t\t\t\n\t\t\t\t\t\t\t})});\n\t\t\t\t\t\t<\/script>\n\t\t\t\t\t\t<div class=\"hbspt-form\" id=\"hbspt-form-1777502659000-9377204691\"><\/div>\t\t\t\t<\/div>\n\t\t\t\t<\/div>\n\t\t\t\t\t<\/div>\n\t\t<\/div>\n\t\t\t\t<div class=\"elementor-column elementor-col-16 elementor-top-column elementor-element elementor-element-ef53974\" data-id=\"ef53974\" data-element_type=\"column\">\n\t\t\t<div class=\"elementor-widget-wrap\">\n\t\t\t\t\t\t\t<\/div>\n\t\t<\/div>\n\t\t\t\t\t<\/div>\n\t\t<\/section>\n\t\t\t\t<section class=\"elementor-section elementor-top-section elementor-element elementor-element-707ac598 elementor-section-boxed elementor-section-height-default elementor-section-height-default\" data-id=\"707ac598\" data-element_type=\"section\">\n\t\t\t\t\t\t<div class=\"elementor-container elementor-column-gap-default\">\n\t\t\t\t\t<div class=\"elementor-column elementor-col-100 elementor-top-column elementor-element elementor-element-62ba7ea2\" data-id=\"62ba7ea2\" data-element_type=\"column\">\n\t\t\t<div class=\"elementor-widget-wrap elementor-element-populated\">\n\t\t\t\t\t\t<div class=\"elementor-element elementor-element-6ae6846e elementor-widget elementor-widget-heading\" data-id=\"6ae6846e\" data-element_type=\"widget\" data-widget_type=\"heading.default\">\n\t\t\t\t<div class=\"elementor-widget-container\">\n\t\t\t\t\t<h2 class=\"elementor-heading-title elementor-size-default\">Vous pouvez \u00e9galement nous trouver \u00e0...<\/h2>\t\t\t\t<\/div>\n\t\t\t\t<\/div>\n\t\t\t\t\t<\/div>\n\t\t<\/div>\n\t\t\t\t\t<\/div>\n\t\t<\/section>\n\t\t\t\t<section class=\"elementor-section elementor-top-section elementor-element elementor-element-60f0a0bb elementor-section-boxed elementor-section-height-default elementor-section-height-default\" data-id=\"60f0a0bb\" data-element_type=\"section\">\n\t\t\t\t\t\t<div class=\"elementor-container elementor-column-gap-default\">\n\t\t\t\t\t<div class=\"elementor-column elementor-col-100 elementor-top-column elementor-element elementor-element-407cd5df\" data-id=\"407cd5df\" data-element_type=\"column\">\n\t\t\t<div class=\"elementor-widget-wrap elementor-element-populated\">\n\t\t\t\t\t\t<div class=\"elementor-element elementor-element-7b1da2c3 elementor-widget elementor-widget-heading\" data-id=\"7b1da2c3\" data-element_type=\"widget\" data-widget_type=\"heading.default\">\n\t\t\t\t<div class=\"elementor-widget-container\">\n\t\t\t\t\t<h2 class=\"elementor-heading-title elementor-size-default\">Si\u00e8ge social et usine<\/h2>\t\t\t\t<\/div>\n\t\t\t\t<\/div>\n\t\t\t\t<div class=\"elementor-element elementor-element-58f394b7 elementor-align-left elementor-icon-list--layout-traditional elementor-list-item-link-full_width elementor-widget elementor-widget-icon-list\" data-id=\"58f394b7\" data-element_type=\"widget\" data-widget_type=\"icon-list.default\">\n\t\t\t\t<div class=\"elementor-widget-container\">\n\t\t\t\t\t\t\t<ul class=\"elementor-icon-list-items\">\n\t\t\t\t\t\t\t<li class=\"elementor-icon-list-item\">\n\t\t\t\t\t\t\t\t\t\t<span class=\"elementor-icon-list-text\">Carrer Lleida 1<\/span>\n\t\t\t\t\t\t\t\t\t<\/li>\n\t\t\t\t\t\t\t\t<li class=\"elementor-icon-list-item\">\n\t\t\t\t\t\t\t\t\t\t<span class=\"elementor-icon-list-text\"><a href=\"https:\/\/goo.gl\/maps\/7DHVT4wmnFbH9Jm98\">Poligono Industrial Riera de Riudemeia<\/a> <\/span>\n\t\t\t\t\t\t\t\t\t<\/li>\n\t\t\t\t\t\t\t\t<li class=\"elementor-icon-list-item\">\n\t\t\t\t\t\t\t\t\t\t<span class=\"elementor-icon-list-text\">08317 \u00d2rrius <\/span>\n\t\t\t\t\t\t\t\t\t<\/li>\n\t\t\t\t\t\t\t\t<li class=\"elementor-icon-list-item\">\n\t\t\t\t\t\t\t\t\t\t<span class=\"elementor-icon-list-text\">Barcelona<\/span>\n\t\t\t\t\t\t\t\t\t<\/li>\n\t\t\t\t\t\t\t\t<li class=\"elementor-icon-list-item\">\n\t\t\t\t\t\t\t\t\t\t<span class=\"elementor-icon-list-text\">T\u00e9l\u00e9phone:  <a href=\"tel:+34931855502\">+34 93 185 55 02<\/a><\/span>\n\t\t\t\t\t\t\t\t\t<\/li>\n\t\t\t\t\t\t<\/ul>\n\t\t\t\t\t\t<\/div>\n\t\t\t\t<\/div>\n\t\t\t\t<div class=\"elementor-element elementor-element-f12d60a elementor-widget elementor-widget-image\" data-id=\"f12d60a\" data-element_type=\"widget\" data-widget_type=\"image.default\">\n\t\t\t\t<div class=\"elementor-widget-container\">\n\t\t\t\t\t\t\t\t\t\t\t\t\t\t\t<img decoding=\"async\" src=\"https:\/\/old.proquinat.com\/wp-content\/uploads\/2022\/09\/proquinat2.png\" title=\"proquinat2\" alt=\"proquinat2\" loading=\"lazy\" \/>\t\t\t\t\t\t\t\t\t\t\t\t\t\t\t<\/div>\n\t\t\t\t<\/div>\n\t\t\t\t\t<\/div>\n\t\t<\/div>\n\t\t\t\t\t<\/div>\n\t\t<\/section>\n\t\t\t\t<\/div>\n\t\t","protected":false},"excerpt":{"rendered":"<p>\u00a1Obtenez votre devis sans engagement! Si vous recherchez une solution adapt\u00e9e aux applications de plus de 500 kg, n&rsquo;h\u00e9sitez pas \u00e0 nous contacter. Notre \u00e9quipe est l\u00e0 pour vous conseiller et vous apporter l&rsquo;assistance dont vous avez besoin. \u00c9crivez-nous et nous serons heureux de vous aider Vous pouvez \u00e9galement nous trouver \u00e0&#8230; Si\u00e8ge social et [&hellip;]<\/p>\n","protected":false},"author":2,"featured_media":0,"parent":0,"menu_order":0,"comment_status":"closed","ping_status":"closed","template":"elementor_header_footer","meta":{"content-type":"","om_disable_all_campaigns":false,"_monsterinsights_skip_tracking":false,"_monsterinsights_sitenote_active":false,"_monsterinsights_sitenote_note":"","_monsterinsights_sitenote_category":0,"_uf_show_specific_survey":0,"_uf_disable_surveys":false,"footnotes":""},"class_list":["post-240","page","type-page","status-publish","hentry"],"yoast_head":"<!-- This site is optimized with the Yoast SEO plugin v26.1.1 - https:\/\/yoast.com\/wordpress\/plugins\/seo\/ -->\n<title>Contactez le service client Proquinat | Proquinat<\/title>\n<meta name=\"description\" content=\"Avez-vous besoin de plus d&#039;informations sur la cire ou la paraffine ou son application? Contactez-nous et nous serons heureux de vous aider!\" \/>\n<meta name=\"robots\" content=\"noindex, follow, max-snippet:-1, max-image-preview:large, max-video-preview:-1\" \/>\n<meta property=\"og:locale\" content=\"fr_FR\" \/>\n<meta property=\"og:type\" content=\"article\" \/>\n<meta property=\"og:title\" content=\"Contactez le service client Proquinat | Proquinat\" \/>\n<meta property=\"og:description\" content=\"Avez-vous besoin de plus d&#039;informations sur la cire ou la paraffine ou son application? Contactez-nous et nous serons heureux de vous aider!\" \/>\n<meta property=\"og:url\" content=\"https:\/\/old.proquinat.com\/fr\/contact\/\" \/>\n<meta property=\"og:site_name\" content=\"Proquinat\" \/>\n<meta property=\"article:modified_time\" content=\"2025-07-16T14:32:59+00:00\" \/>\n<meta property=\"og:image\" content=\"https:\/\/old.proquinat.com\/wp-content\/uploads\/2022\/09\/proquinat2.png\" \/>\n<meta name=\"twitter:card\" content=\"summary_large_image\" \/>\n<meta name=\"twitter:label1\" content=\"Dur\u00e9e de lecture estim\u00e9e\" \/>\n\t<meta name=\"twitter:data1\" content=\"1 minute\" \/>\n<script type=\"application\/ld+json\" class=\"yoast-schema-graph\">{\"@context\":\"https:\/\/schema.org\",\"@graph\":[{\"@type\":\"WebPage\",\"@id\":\"https:\/\/old.proquinat.com\/fr\/contact\/\",\"url\":\"https:\/\/old.proquinat.com\/fr\/contact\/\",\"name\":\"Contactez le service client Proquinat | Proquinat\",\"isPartOf\":{\"@id\":\"https:\/\/old.proquinat.com\/#website\"},\"primaryImageOfPage\":{\"@id\":\"https:\/\/old.proquinat.com\/fr\/contact\/#primaryimage\"},\"image\":{\"@id\":\"https:\/\/old.proquinat.com\/fr\/contact\/#primaryimage\"},\"thumbnailUrl\":\"https:\/\/old.proquinat.com\/wp-content\/uploads\/2022\/09\/proquinat2.png\",\"datePublished\":\"2020-07-31T11:21:26+00:00\",\"dateModified\":\"2025-07-16T14:32:59+00:00\",\"description\":\"Avez-vous besoin de plus d'informations sur la cire ou la paraffine ou son application? Contactez-nous et nous serons heureux de vous aider!\",\"breadcrumb\":{\"@id\":\"https:\/\/old.proquinat.com\/fr\/contact\/#breadcrumb\"},\"inLanguage\":\"fr-FR\",\"potentialAction\":[{\"@type\":\"ReadAction\",\"target\":[\"https:\/\/old.proquinat.com\/fr\/contact\/\"]}]},{\"@type\":\"ImageObject\",\"inLanguage\":\"fr-FR\",\"@id\":\"https:\/\/old.proquinat.com\/fr\/contact\/#primaryimage\",\"url\":\"https:\/\/old.proquinat.com\/wp-content\/uploads\/2022\/09\/proquinat2.png\",\"contentUrl\":\"https:\/\/old.proquinat.com\/wp-content\/uploads\/2022\/09\/proquinat2.png\"},{\"@type\":\"BreadcrumbList\",\"@id\":\"https:\/\/old.proquinat.com\/fr\/contact\/#breadcrumb\",\"itemListElement\":[{\"@type\":\"ListItem\",\"position\":1,\"name\":\"Portada\",\"item\":\"https:\/\/old.proquinat.com\/fr\/\"},{\"@type\":\"ListItem\",\"position\":2,\"name\":\"Contact\"}]},{\"@type\":\"WebSite\",\"@id\":\"https:\/\/old.proquinat.com\/#website\",\"url\":\"https:\/\/old.proquinat.com\/\",\"name\":\"Proquinat\",\"description\":\"Distribuidor de productes quimics naturals, fabricante de toda clase de ceras y parafinas\",\"publisher\":{\"@id\":\"https:\/\/old.proquinat.com\/#organization\"},\"potentialAction\":[{\"@type\":\"SearchAction\",\"target\":{\"@type\":\"EntryPoint\",\"urlTemplate\":\"https:\/\/old.proquinat.com\/?s={search_term_string}\"},\"query-input\":{\"@type\":\"PropertyValueSpecification\",\"valueRequired\":true,\"valueName\":\"search_term_string\"}}],\"inLanguage\":\"fr-FR\"},{\"@type\":\"Organization\",\"@id\":\"https:\/\/old.proquinat.com\/#organization\",\"name\":\"Productes Qu\u00edmics Naturals SL\",\"alternateName\":\"Proquinat\",\"url\":\"https:\/\/old.proquinat.com\/\",\"logo\":{\"@type\":\"ImageObject\",\"inLanguage\":\"fr-FR\",\"@id\":\"https:\/\/old.proquinat.com\/#\/schema\/logo\/image\/\",\"url\":\"https:\/\/old.proquinat.com\/wp-content\/uploads\/2020\/07\/logo-proquinat-2.png\",\"contentUrl\":\"https:\/\/old.proquinat.com\/wp-content\/uploads\/2020\/07\/logo-proquinat-2.png\",\"width\":408,\"height\":68,\"caption\":\"Productes Qu\u00edmics Naturals SL\"},\"image\":{\"@id\":\"https:\/\/old.proquinat.com\/#\/schema\/logo\/image\/\"}}]}<\/script>\n<!-- \/ Yoast SEO plugin. -->","yoast_head_json":{"title":"Contactez le service client Proquinat | Proquinat","description":"Avez-vous besoin de plus d'informations sur la cire ou la paraffine ou son application? Contactez-nous et nous serons heureux de vous aider!","robots":{"index":"noindex","follow":"follow","max-snippet":"max-snippet:-1","max-image-preview":"max-image-preview:large","max-video-preview":"max-video-preview:-1"},"og_locale":"fr_FR","og_type":"article","og_title":"Contactez le service client Proquinat | Proquinat","og_description":"Avez-vous besoin de plus d'informations sur la cire ou la paraffine ou son application? Contactez-nous et nous serons heureux de vous aider!","og_url":"https:\/\/old.proquinat.com\/fr\/contact\/","og_site_name":"Proquinat","article_modified_time":"2025-07-16T14:32:59+00:00","og_image":[{"url":"https:\/\/old.proquinat.com\/wp-content\/uploads\/2022\/09\/proquinat2.png","type":"","width":"","height":""}],"twitter_card":"summary_large_image","twitter_misc":{"Dur\u00e9e de lecture estim\u00e9e":"1 minute"},"schema":{"@context":"https:\/\/schema.org","@graph":[{"@type":"WebPage","@id":"https:\/\/old.proquinat.com\/fr\/contact\/","url":"https:\/\/old.proquinat.com\/fr\/contact\/","name":"Contactez le service client Proquinat | Proquinat","isPartOf":{"@id":"https:\/\/old.proquinat.com\/#website"},"primaryImageOfPage":{"@id":"https:\/\/old.proquinat.com\/fr\/contact\/#primaryimage"},"image":{"@id":"https:\/\/old.proquinat.com\/fr\/contact\/#primaryimage"},"thumbnailUrl":"https:\/\/old.proquinat.com\/wp-content\/uploads\/2022\/09\/proquinat2.png","datePublished":"2020-07-31T11:21:26+00:00","dateModified":"2025-07-16T14:32:59+00:00","description":"Avez-vous besoin de plus d'informations sur la cire ou la paraffine ou son application? Contactez-nous et nous serons heureux de vous aider!","breadcrumb":{"@id":"https:\/\/old.proquinat.com\/fr\/contact\/#breadcrumb"},"inLanguage":"fr-FR","potentialAction":[{"@type":"ReadAction","target":["https:\/\/old.proquinat.com\/fr\/contact\/"]}]},{"@type":"ImageObject","inLanguage":"fr-FR","@id":"https:\/\/old.proquinat.com\/fr\/contact\/#primaryimage","url":"https:\/\/old.proquinat.com\/wp-content\/uploads\/2022\/09\/proquinat2.png","contentUrl":"https:\/\/old.proquinat.com\/wp-content\/uploads\/2022\/09\/proquinat2.png"},{"@type":"BreadcrumbList","@id":"https:\/\/old.proquinat.com\/fr\/contact\/#breadcrumb","itemListElement":[{"@type":"ListItem","position":1,"name":"Portada","item":"https:\/\/old.proquinat.com\/fr\/"},{"@type":"ListItem","position":2,"name":"Contact"}]},{"@type":"WebSite","@id":"https:\/\/old.proquinat.com\/#website","url":"https:\/\/old.proquinat.com\/","name":"Proquinat","description":"Distribuidor de productes quimics naturals, fabricante de toda clase de ceras y parafinas","publisher":{"@id":"https:\/\/old.proquinat.com\/#organization"},"potentialAction":[{"@type":"SearchAction","target":{"@type":"EntryPoint","urlTemplate":"https:\/\/old.proquinat.com\/?s={search_term_string}"},"query-input":{"@type":"PropertyValueSpecification","valueRequired":true,"valueName":"search_term_string"}}],"inLanguage":"fr-FR"},{"@type":"Organization","@id":"https:\/\/old.proquinat.com\/#organization","name":"Productes Qu\u00edmics Naturals SL","alternateName":"Proquinat","url":"https:\/\/old.proquinat.com\/","logo":{"@type":"ImageObject","inLanguage":"fr-FR","@id":"https:\/\/old.proquinat.com\/#\/schema\/logo\/image\/","url":"https:\/\/old.proquinat.com\/wp-content\/uploads\/2020\/07\/logo-proquinat-2.png","contentUrl":"https:\/\/old.proquinat.com\/wp-content\/uploads\/2020\/07\/logo-proquinat-2.png","width":408,"height":68,"caption":"Productes Qu\u00edmics Naturals SL"},"image":{"@id":"https:\/\/old.proquinat.com\/#\/schema\/logo\/image\/"}}]}},"_links":{"self":[{"href":"https:\/\/old.proquinat.com\/fr\/wp-json\/wp\/v2\/pages\/240","targetHints":{"allow":["GET"]}}],"collection":[{"href":"https:\/\/old.proquinat.com\/fr\/wp-json\/wp\/v2\/pages"}],"about":[{"href":"https:\/\/old.proquinat.com\/fr\/wp-json\/wp\/v2\/types\/page"}],"author":[{"embeddable":true,"href":"https:\/\/old.proquinat.com\/fr\/wp-json\/wp\/v2\/users\/2"}],"replies":[{"embeddable":true,"href":"https:\/\/old.proquinat.com\/fr\/wp-json\/wp\/v2\/comments?post=240"}],"version-history":[{"count":5,"href":"https:\/\/old.proquinat.com\/fr\/wp-json\/wp\/v2\/pages\/240\/revisions"}],"predecessor-version":[{"id":3296,"href":"https:\/\/old.proquinat.com\/fr\/wp-json\/wp\/v2\/pages\/240\/revisions\/3296"}],"wp:attachment":[{"href":"https:\/\/old.proquinat.com\/fr\/wp-json\/wp\/v2\/media?parent=240"}],"curies":[{"name":"wp","href":"https:\/\/api.w.org\/{rel}","templated":true}]}}