{"id":401,"date":"2020-07-31T16:33:44","date_gmt":"2020-07-31T16:33:44","guid":{"rendered":"https:\/\/old.proquinat.com\/cire-dabeille\/"},"modified":"2024-07-24T17:09:52","modified_gmt":"2024-07-24T15:09:52","slug":"cire-dabeille","status":"publish","type":"page","link":"https:\/\/old.proquinat.com\/fr\/cire-dabeille\/","title":{"rendered":"Cire d\u2019abeille"},"content":{"rendered":"\t\t<div data-elementor-type=\"wp-page\" data-elementor-id=\"401\" class=\"elementor elementor-401\" data-elementor-post-type=\"page\">\n\t\t\t\t\t\t<section class=\"elementor-section elementor-top-section elementor-element elementor-element-69aefcd4 elementor-reverse-mobile elementor-section-boxed elementor-section-height-default elementor-section-height-default\" data-id=\"69aefcd4\" data-element_type=\"section\">\n\t\t\t\t\t\t<div class=\"elementor-container elementor-column-gap-default\">\n\t\t\t\t\t<div class=\"elementor-column elementor-col-50 elementor-top-column elementor-element elementor-element-14dfa275\" data-id=\"14dfa275\" data-element_type=\"column\">\n\t\t\t<div class=\"elementor-widget-wrap elementor-element-populated\">\n\t\t\t\t\t\t<div class=\"elementor-element elementor-element-1c4b16da elementor--h-position-center elementor--v-position-middle elementor-widget elementor-widget-slides\" data-id=\"1c4b16da\" data-element_type=\"widget\" data-settings=\"{&quot;navigation&quot;:&quot;none&quot;,&quot;autoplay&quot;:&quot;yes&quot;,&quot;pause_on_hover&quot;:&quot;yes&quot;,&quot;pause_on_interaction&quot;:&quot;yes&quot;,&quot;autoplay_speed&quot;:5000,&quot;infinite&quot;:&quot;yes&quot;,&quot;transition&quot;:&quot;slide&quot;,&quot;transition_speed&quot;:500}\" data-widget_type=\"slides.default\">\n\t\t\t\t<div class=\"elementor-widget-container\">\n\t\t\t\t\t\t\t\t\t<div class=\"elementor-swiper\">\n\t\t\t\t\t<div class=\"elementor-slides-wrapper elementor-main-swiper swiper\" role=\"region\" aria-roledescription=\"carousel\" aria-label=\"Diapositives\" dir=\"ltr\" data-animation=\"fadeInLeft\">\n\t\t\t\t<div class=\"swiper-wrapper elementor-slides\">\n\t\t\t\t\t\t\t\t\t\t<div class=\"elementor-repeater-item-efb6671 swiper-slide\" role=\"group\" aria-roledescription=\"slide\"><div class=\"swiper-slide-bg\" role=\"img\" aria-label=\"Productos cera de abejas\"><\/div><div class=\"swiper-slide-inner\" ><div class=\"swiper-slide-contents\"><\/div><\/div><\/div><div class=\"elementor-repeater-item-98ceb24 swiper-slide\" role=\"group\" aria-roledescription=\"slide\"><div class=\"swiper-slide-bg\" role=\"img\" aria-label=\"cosm\u00e9tica y depilaci\u00f3n\"><\/div><div class=\"swiper-slide-inner\" ><div class=\"swiper-slide-contents\"><\/div><\/div><\/div><div class=\"elementor-repeater-item-f907712 swiper-slide\" role=\"group\" aria-roledescription=\"slide\"><div class=\"swiper-slide-bg\" role=\"img\" aria-label=\"lipstick-scaled.jpg\"><\/div><div class=\"swiper-slide-inner\" ><div class=\"swiper-slide-contents\"><\/div><\/div><\/div><div class=\"elementor-repeater-item-47a534a swiper-slide\" role=\"group\" aria-roledescription=\"slide\"><div class=\"swiper-slide-bg\" role=\"img\" aria-label=\"lamina-cera-abeja-scaled.jpg\"><\/div><div class=\"swiper-slide-inner\" ><div class=\"swiper-slide-contents\"><\/div><\/div><\/div>\t\t\t\t<\/div>\n\t\t\t\t\t\t\t\t\t\t\t\t\t\t\t\t\t\t\t\t\t<\/div>\n\t\t\t\t<\/div>\n\t\t\t\t\t\t\t\t<\/div>\n\t\t\t\t<\/div>\n\t\t\t\t\t<\/div>\n\t\t<\/div>\n\t\t\t\t<div class=\"elementor-column elementor-col-50 elementor-top-column elementor-element elementor-element-1b46d8fd\" data-id=\"1b46d8fd\" data-element_type=\"column\">\n\t\t\t<div class=\"elementor-widget-wrap elementor-element-populated\">\n\t\t\t\t\t\t<div class=\"elementor-element elementor-element-71f8f0a4 elementor-widget elementor-widget-heading\" data-id=\"71f8f0a4\" data-element_type=\"widget\" data-widget_type=\"heading.default\">\n\t\t\t\t<div class=\"elementor-widget-container\">\n\t\t\t\t\t<h1 class=\"elementor-heading-title elementor-size-default\">Cire d\u2019Abeille<\/h1>\t\t\t\t<\/div>\n\t\t\t\t<\/div>\n\t\t\t\t<div class=\"elementor-element elementor-element-44d4f6c9 elementor-widget elementor-widget-text-editor\" data-id=\"44d4f6c9\" data-element_type=\"widget\" data-widget_type=\"text-editor.default\">\n\t\t\t\t<div class=\"elementor-widget-container\">\n\t\t\t\t\t\t\t\t\t<p>La cire d\u2019abeille est produite par de jeunes abeilles. Elle a de nombreuses applications et une excellente demande sur le march\u00e9 mondial. L\u2019industrie cosm\u00e9tique et pharmaceutique est le principal consommateur de cire \u00e9pilatrice, de rouge \u00e0 l\u00e8vres ou de d\u00e9odorant. Viennent ensuite l\u2019industrie apicole des pays d\u00e9velopp\u00e9s et l\u2019industrie de la bougie.<\/p>\n<p>Nous avons de la cire d\u2019abeille de diff\u00e9rentes r\u00e9gions s\u00e9lectionn\u00e9es telles que l\u2019Espagne, l\u2019Europe de l\u2019Est, l\u2019Afrique ou la Chine.<\/p>\n\t\t\t\t\t\t\t\t<\/div>\n\t\t\t\t<\/div>\n\t\t\t\t\t<\/div>\n\t\t<\/div>\n\t\t\t\t\t<\/div>\n\t\t<\/section>\n\t\t\t\t<section class=\"elementor-section elementor-top-section elementor-element elementor-element-55a6b845 elementor-section-boxed elementor-section-height-default elementor-section-height-default\" data-id=\"55a6b845\" data-element_type=\"section\">\n\t\t\t\t\t\t<div class=\"elementor-container elementor-column-gap-default\">\n\t\t\t\t\t<div class=\"elementor-column elementor-col-50 elementor-top-column elementor-element elementor-element-33bb6af1\" data-id=\"33bb6af1\" data-element_type=\"column\">\n\t\t\t<div class=\"elementor-widget-wrap elementor-element-populated\">\n\t\t\t\t\t\t<div class=\"elementor-element elementor-element-4cd9abd7 elementor-flip-box--effect-slide elementor-flip-box--direction-right elementor-widget elementor-widget-flip-box\" data-id=\"4cd9abd7\" data-element_type=\"widget\" data-widget_type=\"flip-box.default\">\n\t\t\t\t<div class=\"elementor-widget-container\">\n\t\t\t\t\t\t\t<div class=\"elementor-flip-box\" tabindex=\"0\">\n\t\t\t<div class=\"elementor-flip-box__layer elementor-flip-box__front\">\n\t\t\t\t<div class=\"elementor-flip-box__layer__overlay\">\n\t\t\t\t\t<div class=\"elementor-flip-box__layer__inner\">\n\t\t\t\t\t\t\n\t\t\t\t\t\t\t\t\t\t\t\t\t<h3 class=\"elementor-flip-box__layer__title\">\n\t\t\t\t\t\t\t\tCire d\u2019abeille jaune\t\t\t\t\t\t\t<\/h3>\n\t\t\t\t\t\t\n\t\t\t\t\t\t\t\t\t\t\t<\/div>\n\t\t\t\t<\/div>\n\t\t\t<\/div>\n\t\t\t<div class=\"elementor-flip-box__layer elementor-flip-box__back\">\n\t\t\t<div class=\"elementor-flip-box__layer__overlay\">\n\t\t\t\t<div class=\"elementor-flip-box__layer__inner\">\n\t\t\t\t\t\t\t\t\t\t\t<h3 class=\"elementor-flip-box__layer__title\">\n\t\t\t\t\t\t\tCire d\u2019abeille jaune\t\t\t\t\t\t<\/h3>\n\t\t\t\t\t\n\t\t\t\t\t\t\t\t\t\t\t<div class=\"elementor-flip-box__layer__description\">\n\t\t\t\t\t\t\tC\u2019est une cire d\u2019abeille dont la couleur peut varier du jaune clair au jaune fonc\u00e9, selon son origine. Il est principalement utilis\u00e9 dans l\u2019apiculture pour la fabrication de feuilles de cire d\u2019abeille et dans l\u2019industrie cosm\u00e9tique pour des applications telles que la cire \u00e9pilatrice, le d\u00e9odorant, le rouge \u00e0 l\u00e8vres ou les cr\u00e8mes pour la peau. Selon le type d\u2019extraction, la cire d\u2019abeille a des propri\u00e9t\u00e9s et des valeurs de puret\u00e9 diff\u00e9rentes.\t\t\t\t\t\t<\/div>\n\t\t\t\t\t\n\t\t\t\t\t\t\t\t<\/div>\n\t\t<\/div>\n\t\t<\/div>\n\t\t<\/div>\n\t\t\t\t\t\t<\/div>\n\t\t\t\t<\/div>\n\t\t\t\t\t<\/div>\n\t\t<\/div>\n\t\t\t\t<div class=\"elementor-column elementor-col-50 elementor-top-column elementor-element elementor-element-131d6436\" data-id=\"131d6436\" data-element_type=\"column\">\n\t\t\t<div class=\"elementor-widget-wrap elementor-element-populated\">\n\t\t\t\t\t\t<div class=\"elementor-element elementor-element-5724ab33 elementor-flip-box--effect-slide elementor-flip-box--direction-right elementor-widget elementor-widget-flip-box\" data-id=\"5724ab33\" data-element_type=\"widget\" data-widget_type=\"flip-box.default\">\n\t\t\t\t<div class=\"elementor-widget-container\">\n\t\t\t\t\t\t\t<div class=\"elementor-flip-box\" tabindex=\"0\">\n\t\t\t<div class=\"elementor-flip-box__layer elementor-flip-box__front\">\n\t\t\t\t<div class=\"elementor-flip-box__layer__overlay\">\n\t\t\t\t\t<div class=\"elementor-flip-box__layer__inner\">\n\t\t\t\t\t\t\n\t\t\t\t\t\t\t\t\t\t\t\t\t<h3 class=\"elementor-flip-box__layer__title\">\n\t\t\t\t\t\t\t\tCire d\u2019abeille blanche\t\t\t\t\t\t\t<\/h3>\n\t\t\t\t\t\t\n\t\t\t\t\t\t\t\t\t\t\t<\/div>\n\t\t\t\t<\/div>\n\t\t\t<\/div>\n\t\t\t<div class=\"elementor-flip-box__layer elementor-flip-box__back\">\n\t\t\t<div class=\"elementor-flip-box__layer__overlay\">\n\t\t\t\t<div class=\"elementor-flip-box__layer__inner\">\n\t\t\t\t\t\t\t\t\t\t\t<h3 class=\"elementor-flip-box__layer__title\">\n\t\t\t\t\t\t\tCire d\u2019abeille blanche\t\t\t\t\t\t<\/h3>\n\t\t\t\t\t\n\t\t\t\t\t\t\t\t\t\t\t<div class=\"elementor-flip-box__layer__description\">\n\t\t\t\t\t\t\tC\u2019est une cire d\u2019abeille blanche dont la couleur est obtenue en utilisant un carbone actif, 100% naturel, conservant les m\u00eames caract\u00e9ristiques de cire d\u2019abeille. Il n\u2019est pas blanchi chimiquement et n\u2019est donc pas synth\u00e9tique. Cette cire d\u2019abeille est principalement utilis\u00e9e dans l\u2019industrie cosm\u00e9tique pour fabriquer des savons, des d\u00e9odorants, des rouges \u00e0 l\u00e8vres ou des cr\u00e8mes.\t\t\t\t\t\t<\/div>\n\t\t\t\t\t\n\t\t\t\t\t\t\t\t<\/div>\n\t\t<\/div>\n\t\t<\/div>\n\t\t<\/div>\n\t\t\t\t\t\t<\/div>\n\t\t\t\t<\/div>\n\t\t\t\t\t<\/div>\n\t\t<\/div>\n\t\t\t\t\t<\/div>\n\t\t<\/section>\n\t\t\t\t<section class=\"elementor-section elementor-top-section elementor-element elementor-element-21b5d52 elementor-section-boxed elementor-section-height-default elementor-section-height-default\" data-id=\"21b5d52\" data-element_type=\"section\">\n\t\t\t\t\t\t<div class=\"elementor-container elementor-column-gap-default\">\n\t\t\t\t\t<div class=\"elementor-column elementor-col-16 elementor-top-column elementor-element elementor-element-636d2be\" data-id=\"636d2be\" data-element_type=\"column\">\n\t\t\t<div class=\"elementor-widget-wrap\">\n\t\t\t\t\t\t\t<\/div>\n\t\t<\/div>\n\t\t\t\t<div class=\"elementor-column elementor-col-66 elementor-top-column elementor-element elementor-element-751d39b\" data-id=\"751d39b\" data-element_type=\"column\">\n\t\t\t<div class=\"elementor-widget-wrap elementor-element-populated\">\n\t\t\t\t\t\t<div class=\"elementor-element elementor-element-df7f8e9 elementor-headline--style-highlight elementor-widget elementor-widget-animated-headline\" data-id=\"df7f8e9\" data-element_type=\"widget\" data-settings=\"{&quot;marker&quot;:&quot;underline_zigzag&quot;,&quot;highlighted_text&quot;:&quot;plus d&#039;informations&quot;,&quot;headline_style&quot;:&quot;highlight&quot;,&quot;loop&quot;:&quot;yes&quot;,&quot;highlight_animation_duration&quot;:1200,&quot;highlight_iteration_delay&quot;:8000}\" data-widget_type=\"animated-headline.default\">\n\t\t\t\t<div class=\"elementor-widget-container\">\n\t\t\t\t\t\t\t<h3 class=\"elementor-headline\">\n\t\t\t\t\t<span class=\"elementor-headline-plain-text elementor-headline-text-wrapper\">Demandez-nous <\/span>\n\t\t\t\t<span class=\"elementor-headline-dynamic-wrapper elementor-headline-text-wrapper\">\n\t\t\t\t\t<span class=\"elementor-headline-dynamic-text elementor-headline-text-active\">plus d'informations<\/span>\n\t\t\t\t<\/span>\n\t\t\t\t<\/h3>\n\t\t\t\t\t\t<\/div>\n\t\t\t\t<\/div>\n\t\t\t\t<div class=\"elementor-element elementor-element-cd2b58f elementor-widget elementor-widget-hubspot-form\" data-id=\"cd2b58f\" data-element_type=\"widget\" data-widget_type=\"hubspot-form.default\">\n\t\t\t\t<div class=\"elementor-widget-container\">\n\t\t\t\t\t\n\t\t\t\t\t\t<script>\n\t\t\t\t\t\t\twindow.hsFormsOnReady = window.hsFormsOnReady || [];\n\t\t\t\t\t\t\twindow.hsFormsOnReady.push(()=>{\n\t\t\t\t\t\t\t\thbspt.forms.create({\n\t\t\t\t\t\t\t\t\tportalId: 26497194,\n\t\t\t\t\t\t\t\t\tformId: \"5e6f69c4-9983-47b6-89be-5a4dd8e6fd59\",\n\t\t\t\t\t\t\t\t\ttarget: \"#hbspt-form-1777502746000-1204276796\",\n\t\t\t\t\t\t\t\t\tregion: \"eu1\",\n\t\t\t\t\t\t\t\t\t\n\t\t\t\t\t\t\t})});\n\t\t\t\t\t\t<\/script>\n\t\t\t\t\t\t<div class=\"hbspt-form\" id=\"hbspt-form-1777502746000-1204276796\"><\/div>\t\t\t\t<\/div>\n\t\t\t\t<\/div>\n\t\t\t\t\t<\/div>\n\t\t<\/div>\n\t\t\t\t<div class=\"elementor-column elementor-col-16 elementor-top-column elementor-element elementor-element-48217c7\" data-id=\"48217c7\" data-element_type=\"column\">\n\t\t\t<div class=\"elementor-widget-wrap\">\n\t\t\t\t\t\t\t<\/div>\n\t\t<\/div>\n\t\t\t\t\t<\/div>\n\t\t<\/section>\n\t\t\t\t<section class=\"elementor-section elementor-top-section elementor-element elementor-element-6b497ce elementor-section-boxed elementor-section-height-default elementor-section-height-default\" data-id=\"6b497ce\" data-element_type=\"section\">\n\t\t\t\t\t\t<div class=\"elementor-container elementor-column-gap-default\">\n\t\t\t\t\t<div class=\"elementor-column elementor-col-100 elementor-top-column elementor-element elementor-element-b5ffb61\" data-id=\"b5ffb61\" data-element_type=\"column\">\n\t\t\t<div class=\"elementor-widget-wrap elementor-element-populated\">\n\t\t\t\t\t\t<div class=\"elementor-element elementor-element-f11da46 elementor-widget elementor-widget-template\" data-id=\"f11da46\" data-element_type=\"widget\" data-widget_type=\"template.default\">\n\t\t\t\t<div class=\"elementor-widget-container\">\n\t\t\t\t\t\t\t<div class=\"elementor-template\">\n\t\t\t\t\t<div data-elementor-type=\"section\" data-elementor-id=\"1975\" class=\"elementor elementor-1975\" data-elementor-post-type=\"elementor_library\">\n\t\t\t\t\t<section class=\"elementor-section elementor-top-section elementor-element elementor-element-507ad52f elementor-section-boxed elementor-section-height-default elementor-section-height-default\" data-id=\"507ad52f\" data-element_type=\"section\">\n\t\t\t\t\t\t<div class=\"elementor-container elementor-column-gap-default\">\n\t\t\t\t\t<div class=\"elementor-column elementor-col-100 elementor-top-column elementor-element elementor-element-16e9b0ae\" data-id=\"16e9b0ae\" data-element_type=\"column\">\n\t\t\t<div class=\"elementor-widget-wrap elementor-element-populated\">\n\t\t\t\t\t\t<div class=\"elementor-element elementor-element-5b047d12 elementor-widget-divider--view-line elementor-widget elementor-widget-divider\" data-id=\"5b047d12\" data-element_type=\"widget\" data-widget_type=\"divider.default\">\n\t\t\t\t<div class=\"elementor-widget-container\">\n\t\t\t\t\t\t\t<div class=\"elementor-divider\">\n\t\t\t<span class=\"elementor-divider-separator\">\n\t\t\t\t\t\t<\/span>\n\t\t<\/div>\n\t\t\t\t\t\t<\/div>\n\t\t\t\t<\/div>\n\t\t\t\t<div class=\"elementor-element elementor-element-315889f6 elementor-align-center elementor-widget elementor-widget-button\" data-id=\"315889f6\" data-element_type=\"widget\" data-widget_type=\"button.default\">\n\t\t\t\t<div class=\"elementor-widget-container\">\n\t\t\t\t\t\t\t\t\t<div class=\"elementor-button-wrapper\">\n\t\t\t\t\t<a class=\"elementor-button elementor-button-link elementor-size-lg\" href=\"https:\/\/old.proquinat.com\/fr\/produits\/\">\n\t\t\t\t\t\t<span class=\"elementor-button-content-wrapper\">\n\t\t\t\t\t\t\t\t\t<span class=\"elementor-button-text\">D\u00e9couvrez plus de produits de Proquinat<\/span>\n\t\t\t\t\t<\/span>\n\t\t\t\t\t<\/a>\n\t\t\t\t<\/div>\n\t\t\t\t\t\t\t\t<\/div>\n\t\t\t\t<\/div>\n\t\t\t\t<div class=\"elementor-element elementor-element-3885ba30 elementor-widget-divider--view-line elementor-widget elementor-widget-divider\" data-id=\"3885ba30\" data-element_type=\"widget\" data-widget_type=\"divider.default\">\n\t\t\t\t<div class=\"elementor-widget-container\">\n\t\t\t\t\t\t\t<div class=\"elementor-divider\">\n\t\t\t<span class=\"elementor-divider-separator\">\n\t\t\t\t\t\t<\/span>\n\t\t<\/div>\n\t\t\t\t\t\t<\/div>\n\t\t\t\t<\/div>\n\t\t\t\t\t<\/div>\n\t\t<\/div>\n\t\t\t\t\t<\/div>\n\t\t<\/section>\n\t\t\t\t<\/div>\n\t\t\t\t<\/div>\n\t\t\t\t\t\t<\/div>\n\t\t\t\t<\/div>\n\t\t\t\t\t<\/div>\n\t\t<\/div>\n\t\t\t\t\t<\/div>\n\t\t<\/section>\n\t\t\t\t<\/div>\n\t\t","protected":false},"excerpt":{"rendered":"<p>Cire d\u2019Abeille La cire d\u2019abeille est produite par de jeunes abeilles. Elle a de nombreuses applications et une excellente demande sur le march\u00e9 mondial. L\u2019industrie cosm\u00e9tique et pharmaceutique est le principal consommateur de cire \u00e9pilatrice, de rouge \u00e0 l\u00e8vres ou de d\u00e9odorant. Viennent ensuite l\u2019industrie apicole des pays d\u00e9velopp\u00e9s et l\u2019industrie de la bougie. Nous [&hellip;]<\/p>\n","protected":false},"author":2,"featured_media":402,"parent":0,"menu_order":0,"comment_status":"closed","ping_status":"closed","template":"elementor_header_footer","meta":{"content-type":"","om_disable_all_campaigns":false,"_monsterinsights_skip_tracking":false,"_monsterinsights_sitenote_active":false,"_monsterinsights_sitenote_note":"","_monsterinsights_sitenote_category":0,"_uf_show_specific_survey":0,"_uf_disable_surveys":false,"footnotes":""},"class_list":["post-401","page","type-page","status-publish","has-post-thumbnail","hentry"],"yoast_head":"<!-- This site is optimized with the Yoast SEO plugin v26.1.1 - https:\/\/yoast.com\/wordpress\/plugins\/seo\/ -->\n<title>Acheter de la cire d&#039;abeille en gros | Proquinat<\/title>\n<meta name=\"description\" content=\"Vente de cire d&#039;abeille pour fabrication de bougies, protecteurs en bois, chaussures, cosm\u00e9tiques et pharmaceutiques.\" \/>\n<meta name=\"robots\" content=\"noindex, follow, max-snippet:-1, max-image-preview:large, max-video-preview:-1\" \/>\n<meta property=\"og:locale\" content=\"fr_FR\" \/>\n<meta property=\"og:type\" content=\"article\" \/>\n<meta property=\"og:title\" content=\"Acheter de la cire d&#039;abeille en gros | Proquinat\" \/>\n<meta property=\"og:description\" content=\"Vente de cire d&#039;abeille pour fabrication de bougies, protecteurs en bois, chaussures, cosm\u00e9tiques et pharmaceutiques.\" \/>\n<meta property=\"og:url\" content=\"https:\/\/old.proquinat.com\/fr\/cire-dabeille\/\" \/>\n<meta property=\"og:site_name\" content=\"Proquinat\" \/>\n<meta property=\"article:modified_time\" content=\"2024-07-24T15:09:52+00:00\" \/>\n<meta property=\"og:image\" content=\"https:\/\/old.proquinat.com\/wp-content\/uploads\/2020\/07\/CERA-DE-ABEJAS-Productes-quimics-naturals-Proquinat-1.png\" \/>\n\t<meta property=\"og:image:width\" content=\"900\" \/>\n\t<meta property=\"og:image:height\" content=\"900\" \/>\n\t<meta property=\"og:image:type\" content=\"image\/png\" \/>\n<meta name=\"twitter:card\" content=\"summary_large_image\" \/>\n<meta name=\"twitter:label1\" content=\"Dur\u00e9e de lecture estim\u00e9e\" \/>\n\t<meta name=\"twitter:data1\" content=\"2 minutes\" \/>\n<script type=\"application\/ld+json\" class=\"yoast-schema-graph\">{\"@context\":\"https:\/\/schema.org\",\"@graph\":[{\"@type\":\"WebPage\",\"@id\":\"https:\/\/old.proquinat.com\/fr\/cire-dabeille\/\",\"url\":\"https:\/\/old.proquinat.com\/fr\/cire-dabeille\/\",\"name\":\"Acheter de la cire d'abeille en gros | Proquinat\",\"isPartOf\":{\"@id\":\"https:\/\/old.proquinat.com\/#website\"},\"primaryImageOfPage\":{\"@id\":\"https:\/\/old.proquinat.com\/fr\/cire-dabeille\/#primaryimage\"},\"image\":{\"@id\":\"https:\/\/old.proquinat.com\/fr\/cire-dabeille\/#primaryimage\"},\"thumbnailUrl\":\"https:\/\/old.proquinat.com\/wp-content\/uploads\/2020\/07\/CERA-DE-ABEJAS-Productes-quimics-naturals-Proquinat-1.png\",\"datePublished\":\"2020-07-31T16:33:44+00:00\",\"dateModified\":\"2024-07-24T15:09:52+00:00\",\"description\":\"Vente de cire d'abeille pour fabrication de bougies, protecteurs en bois, chaussures, cosm\u00e9tiques et pharmaceutiques.\",\"breadcrumb\":{\"@id\":\"https:\/\/old.proquinat.com\/fr\/cire-dabeille\/#breadcrumb\"},\"inLanguage\":\"fr-FR\",\"potentialAction\":[{\"@type\":\"ReadAction\",\"target\":[\"https:\/\/old.proquinat.com\/fr\/cire-dabeille\/\"]}]},{\"@type\":\"ImageObject\",\"inLanguage\":\"fr-FR\",\"@id\":\"https:\/\/old.proquinat.com\/fr\/cire-dabeille\/#primaryimage\",\"url\":\"https:\/\/old.proquinat.com\/wp-content\/uploads\/2020\/07\/CERA-DE-ABEJAS-Productes-quimics-naturals-Proquinat-1.png\",\"contentUrl\":\"https:\/\/old.proquinat.com\/wp-content\/uploads\/2020\/07\/CERA-DE-ABEJAS-Productes-quimics-naturals-Proquinat-1.png\",\"width\":900,\"height\":900,\"caption\":\"cera de abejas\"},{\"@type\":\"BreadcrumbList\",\"@id\":\"https:\/\/old.proquinat.com\/fr\/cire-dabeille\/#breadcrumb\",\"itemListElement\":[{\"@type\":\"ListItem\",\"position\":1,\"name\":\"Portada\",\"item\":\"https:\/\/old.proquinat.com\/fr\/\"},{\"@type\":\"ListItem\",\"position\":2,\"name\":\"Cire d\u2019abeille\"}]},{\"@type\":\"WebSite\",\"@id\":\"https:\/\/old.proquinat.com\/#website\",\"url\":\"https:\/\/old.proquinat.com\/\",\"name\":\"Proquinat\",\"description\":\"Distribuidor de productes quimics naturals, fabricante de toda clase de ceras y parafinas\",\"publisher\":{\"@id\":\"https:\/\/old.proquinat.com\/#organization\"},\"potentialAction\":[{\"@type\":\"SearchAction\",\"target\":{\"@type\":\"EntryPoint\",\"urlTemplate\":\"https:\/\/old.proquinat.com\/?s={search_term_string}\"},\"query-input\":{\"@type\":\"PropertyValueSpecification\",\"valueRequired\":true,\"valueName\":\"search_term_string\"}}],\"inLanguage\":\"fr-FR\"},{\"@type\":\"Organization\",\"@id\":\"https:\/\/old.proquinat.com\/#organization\",\"name\":\"Productes Qu\u00edmics Naturals SL\",\"alternateName\":\"Proquinat\",\"url\":\"https:\/\/old.proquinat.com\/\",\"logo\":{\"@type\":\"ImageObject\",\"inLanguage\":\"fr-FR\",\"@id\":\"https:\/\/old.proquinat.com\/#\/schema\/logo\/image\/\",\"url\":\"https:\/\/old.proquinat.com\/wp-content\/uploads\/2020\/07\/logo-proquinat-2.png\",\"contentUrl\":\"https:\/\/old.proquinat.com\/wp-content\/uploads\/2020\/07\/logo-proquinat-2.png\",\"width\":408,\"height\":68,\"caption\":\"Productes Qu\u00edmics Naturals SL\"},\"image\":{\"@id\":\"https:\/\/old.proquinat.com\/#\/schema\/logo\/image\/\"}}]}<\/script>\n<!-- \/ Yoast SEO plugin. -->","yoast_head_json":{"title":"Acheter de la cire d'abeille en gros | Proquinat","description":"Vente de cire d'abeille pour fabrication de bougies, protecteurs en bois, chaussures, cosm\u00e9tiques et pharmaceutiques.","robots":{"index":"noindex","follow":"follow","max-snippet":"max-snippet:-1","max-image-preview":"max-image-preview:large","max-video-preview":"max-video-preview:-1"},"og_locale":"fr_FR","og_type":"article","og_title":"Acheter de la cire d'abeille en gros | Proquinat","og_description":"Vente de cire d'abeille pour fabrication de bougies, protecteurs en bois, chaussures, cosm\u00e9tiques et pharmaceutiques.","og_url":"https:\/\/old.proquinat.com\/fr\/cire-dabeille\/","og_site_name":"Proquinat","article_modified_time":"2024-07-24T15:09:52+00:00","og_image":[{"width":900,"height":900,"url":"https:\/\/old.proquinat.com\/wp-content\/uploads\/2020\/07\/CERA-DE-ABEJAS-Productes-quimics-naturals-Proquinat-1.png","type":"image\/png"}],"twitter_card":"summary_large_image","twitter_misc":{"Dur\u00e9e de lecture estim\u00e9e":"2 minutes"},"schema":{"@context":"https:\/\/schema.org","@graph":[{"@type":"WebPage","@id":"https:\/\/old.proquinat.com\/fr\/cire-dabeille\/","url":"https:\/\/old.proquinat.com\/fr\/cire-dabeille\/","name":"Acheter de la cire d'abeille en gros | Proquinat","isPartOf":{"@id":"https:\/\/old.proquinat.com\/#website"},"primaryImageOfPage":{"@id":"https:\/\/old.proquinat.com\/fr\/cire-dabeille\/#primaryimage"},"image":{"@id":"https:\/\/old.proquinat.com\/fr\/cire-dabeille\/#primaryimage"},"thumbnailUrl":"https:\/\/old.proquinat.com\/wp-content\/uploads\/2020\/07\/CERA-DE-ABEJAS-Productes-quimics-naturals-Proquinat-1.png","datePublished":"2020-07-31T16:33:44+00:00","dateModified":"2024-07-24T15:09:52+00:00","description":"Vente de cire d'abeille pour fabrication de bougies, protecteurs en bois, chaussures, cosm\u00e9tiques et pharmaceutiques.","breadcrumb":{"@id":"https:\/\/old.proquinat.com\/fr\/cire-dabeille\/#breadcrumb"},"inLanguage":"fr-FR","potentialAction":[{"@type":"ReadAction","target":["https:\/\/old.proquinat.com\/fr\/cire-dabeille\/"]}]},{"@type":"ImageObject","inLanguage":"fr-FR","@id":"https:\/\/old.proquinat.com\/fr\/cire-dabeille\/#primaryimage","url":"https:\/\/old.proquinat.com\/wp-content\/uploads\/2020\/07\/CERA-DE-ABEJAS-Productes-quimics-naturals-Proquinat-1.png","contentUrl":"https:\/\/old.proquinat.com\/wp-content\/uploads\/2020\/07\/CERA-DE-ABEJAS-Productes-quimics-naturals-Proquinat-1.png","width":900,"height":900,"caption":"cera de abejas"},{"@type":"BreadcrumbList","@id":"https:\/\/old.proquinat.com\/fr\/cire-dabeille\/#breadcrumb","itemListElement":[{"@type":"ListItem","position":1,"name":"Portada","item":"https:\/\/old.proquinat.com\/fr\/"},{"@type":"ListItem","position":2,"name":"Cire d\u2019abeille"}]},{"@type":"WebSite","@id":"https:\/\/old.proquinat.com\/#website","url":"https:\/\/old.proquinat.com\/","name":"Proquinat","description":"Distribuidor de productes quimics naturals, fabricante de toda clase de ceras y parafinas","publisher":{"@id":"https:\/\/old.proquinat.com\/#organization"},"potentialAction":[{"@type":"SearchAction","target":{"@type":"EntryPoint","urlTemplate":"https:\/\/old.proquinat.com\/?s={search_term_string}"},"query-input":{"@type":"PropertyValueSpecification","valueRequired":true,"valueName":"search_term_string"}}],"inLanguage":"fr-FR"},{"@type":"Organization","@id":"https:\/\/old.proquinat.com\/#organization","name":"Productes Qu\u00edmics Naturals SL","alternateName":"Proquinat","url":"https:\/\/old.proquinat.com\/","logo":{"@type":"ImageObject","inLanguage":"fr-FR","@id":"https:\/\/old.proquinat.com\/#\/schema\/logo\/image\/","url":"https:\/\/old.proquinat.com\/wp-content\/uploads\/2020\/07\/logo-proquinat-2.png","contentUrl":"https:\/\/old.proquinat.com\/wp-content\/uploads\/2020\/07\/logo-proquinat-2.png","width":408,"height":68,"caption":"Productes Qu\u00edmics Naturals SL"},"image":{"@id":"https:\/\/old.proquinat.com\/#\/schema\/logo\/image\/"}}]}},"_links":{"self":[{"href":"https:\/\/old.proquinat.com\/fr\/wp-json\/wp\/v2\/pages\/401","targetHints":{"allow":["GET"]}}],"collection":[{"href":"https:\/\/old.proquinat.com\/fr\/wp-json\/wp\/v2\/pages"}],"about":[{"href":"https:\/\/old.proquinat.com\/fr\/wp-json\/wp\/v2\/types\/page"}],"author":[{"embeddable":true,"href":"https:\/\/old.proquinat.com\/fr\/wp-json\/wp\/v2\/users\/2"}],"replies":[{"embeddable":true,"href":"https:\/\/old.proquinat.com\/fr\/wp-json\/wp\/v2\/comments?post=401"}],"version-history":[{"count":5,"href":"https:\/\/old.proquinat.com\/fr\/wp-json\/wp\/v2\/pages\/401\/revisions"}],"predecessor-version":[{"id":2980,"href":"https:\/\/old.proquinat.com\/fr\/wp-json\/wp\/v2\/pages\/401\/revisions\/2980"}],"wp:featuredmedia":[{"embeddable":true,"href":"https:\/\/old.proquinat.com\/fr\/wp-json\/wp\/v2\/media\/402"}],"wp:attachment":[{"href":"https:\/\/old.proquinat.com\/fr\/wp-json\/wp\/v2\/media?parent=401"}],"curies":[{"name":"wp","href":"https:\/\/api.w.org\/{rel}","templated":true}]}}