{"id":580,"date":"2020-08-31T15:46:21","date_gmt":"2020-08-31T13:46:21","guid":{"rendered":"https:\/\/old.proquinat.com\/cire-de-carnauba\/"},"modified":"2024-07-24T17:06:15","modified_gmt":"2024-07-24T15:06:15","slug":"cire-de-carnauba","status":"publish","type":"page","link":"https:\/\/old.proquinat.com\/fr\/cire-de-carnauba\/","title":{"rendered":"Cire de Carnauba"},"content":{"rendered":"\t\t<div data-elementor-type=\"wp-page\" data-elementor-id=\"580\" class=\"elementor elementor-580\" data-elementor-post-type=\"page\">\n\t\t\t\t\t\t<section class=\"elementor-section elementor-top-section elementor-element elementor-element-564be380 elementor-reverse-mobile elementor-section-boxed elementor-section-height-default elementor-section-height-default\" data-id=\"564be380\" data-element_type=\"section\">\n\t\t\t\t\t\t<div class=\"elementor-container elementor-column-gap-default\">\n\t\t\t\t\t<div class=\"elementor-column elementor-col-33 elementor-top-column elementor-element elementor-element-5be02a4b\" data-id=\"5be02a4b\" data-element_type=\"column\">\n\t\t\t<div class=\"elementor-widget-wrap elementor-element-populated\">\n\t\t\t\t\t\t<div class=\"elementor-element elementor-element-789a4d9b elementor--h-position-center elementor--v-position-middle elementor-widget elementor-widget-slides\" data-id=\"789a4d9b\" data-element_type=\"widget\" data-settings=\"{&quot;navigation&quot;:&quot;none&quot;,&quot;autoplay&quot;:&quot;yes&quot;,&quot;pause_on_hover&quot;:&quot;yes&quot;,&quot;pause_on_interaction&quot;:&quot;yes&quot;,&quot;autoplay_speed&quot;:5000,&quot;infinite&quot;:&quot;yes&quot;,&quot;transition&quot;:&quot;slide&quot;,&quot;transition_speed&quot;:500}\" data-widget_type=\"slides.default\">\n\t\t\t\t<div class=\"elementor-widget-container\">\n\t\t\t\t\t\t\t\t\t<div class=\"elementor-swiper\">\n\t\t\t\t\t<div class=\"elementor-slides-wrapper elementor-main-swiper swiper\" role=\"region\" aria-roledescription=\"carousel\" aria-label=\"Diapositives\" dir=\"ltr\" data-animation=\"fadeInLeft\">\n\t\t\t\t<div class=\"swiper-wrapper elementor-slides\">\n\t\t\t\t\t\t\t\t\t\t<div class=\"elementor-repeater-item-605ed9f swiper-slide\" role=\"group\" aria-roledescription=\"slide\"><div class=\"swiper-slide-bg\" role=\"img\" aria-label=\"cera de carnauba\"><\/div><div class=\"swiper-slide-inner\" ><div class=\"swiper-slide-contents\"><\/div><\/div><\/div><div class=\"elementor-repeater-item-e5c4b42 swiper-slide\" role=\"group\" aria-roledescription=\"slide\"><div class=\"swiper-slide-bg\" role=\"img\" aria-label=\"mm-scaled.jpg\"><\/div><div class=\"swiper-slide-inner\" ><div class=\"swiper-slide-contents\"><\/div><\/div><\/div><div class=\"elementor-repeater-item-f065f8e swiper-slide\" role=\"group\" aria-roledescription=\"slide\"><div class=\"swiper-slide-bg\" role=\"img\" aria-label=\"productos-limpieza-scaled.jpg\"><\/div><div class=\"swiper-slide-inner\" ><div class=\"swiper-slide-contents\"><\/div><\/div><\/div>\t\t\t\t<\/div>\n\t\t\t\t\t\t\t\t\t\t\t\t\t\t\t\t\t\t\t\t\t<\/div>\n\t\t\t\t<\/div>\n\t\t\t\t\t\t\t\t<\/div>\n\t\t\t\t<\/div>\n\t\t\t\t\t<\/div>\n\t\t<\/div>\n\t\t\t\t<div class=\"elementor-column elementor-col-66 elementor-top-column elementor-element elementor-element-6f4302ac\" data-id=\"6f4302ac\" data-element_type=\"column\">\n\t\t\t<div class=\"elementor-widget-wrap elementor-element-populated\">\n\t\t\t\t\t\t<div class=\"elementor-element elementor-element-69027ac5 elementor-widget elementor-widget-heading\" data-id=\"69027ac5\" data-element_type=\"widget\" data-widget_type=\"heading.default\">\n\t\t\t\t<div class=\"elementor-widget-container\">\n\t\t\t\t\t<h1 class=\"elementor-heading-title elementor-size-default\">Cire de Carnauba<\/h1>\t\t\t\t<\/div>\n\t\t\t\t<\/div>\n\t\t\t\t<div class=\"elementor-element elementor-element-1504045c elementor-widget elementor-widget-text-editor\" data-id=\"1504045c\" data-element_type=\"widget\" data-widget_type=\"text-editor.default\">\n\t\t\t\t<div class=\"elementor-widget-container\">\n\t\t\t\t\t\t\t\t\t<p>La <strong>cire de carnauba<\/strong> est obtenue \u00e0 partir des feuilles du palmier Copernicia prunifera. Ce palmier est end\u00e9mique d&rsquo;Am\u00e9rique du Sud et pousse dans la r\u00e9gion du Cear\u00e1, au nord-est du Br\u00e9sil.<\/p>\n<p>La <strong>cire de carnauba<\/strong> est \u00e9galement connue comme la reine des cires, en raison de ses caract\u00e9ristiques et de ses innombrables applications. Elle est \u00e9galement reconnu pour ses propri\u00e9t\u00e9s de brillance alli\u00e9es \u00e0 sa duret\u00e9 et sa r\u00e9sistance. Parmi ses nombreuses applications, la <strong>cire de carnauba<\/strong> est principalement utilis\u00e9e dans le secteur alimentaire et de la production automobile.<\/p>\n\t\t\t\t\t\t\t\t<\/div>\n\t\t\t\t<\/div>\n\t\t\t\t\t<\/div>\n\t\t<\/div>\n\t\t\t\t\t<\/div>\n\t\t<\/section>\n\t\t\t\t<section class=\"elementor-section elementor-top-section elementor-element elementor-element-4e607ab7 elementor-section-boxed elementor-section-height-default elementor-section-height-default\" data-id=\"4e607ab7\" data-element_type=\"section\">\n\t\t\t\t\t\t<div class=\"elementor-container elementor-column-gap-default\">\n\t\t\t\t\t<div class=\"elementor-column elementor-col-50 elementor-top-column elementor-element elementor-element-640db8ed\" data-id=\"640db8ed\" data-element_type=\"column\">\n\t\t\t<div class=\"elementor-widget-wrap elementor-element-populated\">\n\t\t\t\t\t\t<div class=\"elementor-element elementor-element-1c73aa05 elementor-flip-box--effect-slide elementor-flip-box--direction-right elementor-widget elementor-widget-flip-box\" data-id=\"1c73aa05\" data-element_type=\"widget\" data-widget_type=\"flip-box.default\">\n\t\t\t\t<div class=\"elementor-widget-container\">\n\t\t\t\t\t\t\t<div class=\"elementor-flip-box\" tabindex=\"0\">\n\t\t\t<div class=\"elementor-flip-box__layer elementor-flip-box__front\">\n\t\t\t\t<div class=\"elementor-flip-box__layer__overlay\">\n\t\t\t\t\t<div class=\"elementor-flip-box__layer__inner\">\n\t\t\t\t\t\t\n\t\t\t\t\t\t\t\t\t\t\t\t\t<h3 class=\"elementor-flip-box__layer__title\">\n\t\t\t\t\t\t\t\tCire de Carnauba T1\t\t\t\t\t\t\t<\/h3>\n\t\t\t\t\t\t\n\t\t\t\t\t\t\t\t\t\t\t<\/div>\n\t\t\t\t<\/div>\n\t\t\t<\/div>\n\t\t\t<div class=\"elementor-flip-box__layer elementor-flip-box__back\">\n\t\t\t<div class=\"elementor-flip-box__layer__overlay\">\n\t\t\t\t<div class=\"elementor-flip-box__layer__inner\">\n\t\t\t\t\t\t\t\t\t\t\t<h3 class=\"elementor-flip-box__layer__title\">\n\t\t\t\t\t\t\tCire de Carnauba T1\t\t\t\t\t\t<\/h3>\n\t\t\t\t\t\n\t\t\t\t\t\t\t\t\t\t\t<div class=\"elementor-flip-box__layer__description\">\n\t\t\t\t\t\t\tLa <b> cire de carnauba T1 <\/b> est largement utilis\u00e9e dans l'industrie alimentaire (enrobage de chewing-gums et tablettes de chocolat) et pharmaceutique (enrobage de drag\u00e9es). Fournit protection et brillance aux produits.\t\t\t\t\t\t<\/div>\n\t\t\t\t\t\n\t\t\t\t\t\t\t\t<\/div>\n\t\t<\/div>\n\t\t<\/div>\n\t\t<\/div>\n\t\t\t\t\t\t<\/div>\n\t\t\t\t<\/div>\n\t\t\t\t\t<\/div>\n\t\t<\/div>\n\t\t\t\t<div class=\"elementor-column elementor-col-50 elementor-top-column elementor-element elementor-element-18b23bf6\" data-id=\"18b23bf6\" data-element_type=\"column\">\n\t\t\t<div class=\"elementor-widget-wrap elementor-element-populated\">\n\t\t\t\t\t\t<div class=\"elementor-element elementor-element-554baeaa elementor-flip-box--effect-slide elementor-flip-box--direction-right elementor-widget elementor-widget-flip-box\" data-id=\"554baeaa\" data-element_type=\"widget\" data-widget_type=\"flip-box.default\">\n\t\t\t\t<div class=\"elementor-widget-container\">\n\t\t\t\t\t\t\t<div class=\"elementor-flip-box\" tabindex=\"0\">\n\t\t\t<div class=\"elementor-flip-box__layer elementor-flip-box__front\">\n\t\t\t\t<div class=\"elementor-flip-box__layer__overlay\">\n\t\t\t\t\t<div class=\"elementor-flip-box__layer__inner\">\n\t\t\t\t\t\t\n\t\t\t\t\t\t\t\t\t\t\t\t\t<h3 class=\"elementor-flip-box__layer__title\">\n\t\t\t\t\t\t\t\tCire de Carnauba T3\t\t\t\t\t\t\t<\/h3>\n\t\t\t\t\t\t\n\t\t\t\t\t\t\t\t\t\t\t<\/div>\n\t\t\t\t<\/div>\n\t\t\t<\/div>\n\t\t\t<div class=\"elementor-flip-box__layer elementor-flip-box__back\">\n\t\t\t<div class=\"elementor-flip-box__layer__overlay\">\n\t\t\t\t<div class=\"elementor-flip-box__layer__inner\">\n\t\t\t\t\t\t\t\t\t\t\t<h3 class=\"elementor-flip-box__layer__title\">\n\t\t\t\t\t\t\tCire de Carnauba T3\t\t\t\t\t\t<\/h3>\n\t\t\t\t\t\n\t\t\t\t\t\t\t\t\t\t\t<div class=\"elementor-flip-box__layer__description\">\n\t\t\t\t\t\t\tLa <b> cire de carnauba T3 <\/b> est largement utilis\u00e9e dans l'enrobage des fruits pour \u00e9viter la d\u00e9shydratation et donner de la brillance. Il est \u00e9galement utilis\u00e9 dans l'industrie des d\u00e9tergents et des vernis \u00e0 sol.\t\t\t\t\t\t<\/div>\n\t\t\t\t\t\n\t\t\t\t\t\t\t\t<\/div>\n\t\t<\/div>\n\t\t<\/div>\n\t\t<\/div>\n\t\t\t\t\t\t<\/div>\n\t\t\t\t<\/div>\n\t\t\t\t\t<\/div>\n\t\t<\/div>\n\t\t\t\t\t<\/div>\n\t\t<\/section>\n\t\t\t\t<section class=\"elementor-section elementor-top-section elementor-element elementor-element-973889b elementor-section-boxed elementor-section-height-default elementor-section-height-default\" data-id=\"973889b\" data-element_type=\"section\">\n\t\t\t\t\t\t<div class=\"elementor-container elementor-column-gap-default\">\n\t\t\t\t\t<div class=\"elementor-column elementor-col-16 elementor-top-column elementor-element elementor-element-95450eb\" data-id=\"95450eb\" data-element_type=\"column\">\n\t\t\t<div class=\"elementor-widget-wrap\">\n\t\t\t\t\t\t\t<\/div>\n\t\t<\/div>\n\t\t\t\t<div class=\"elementor-column elementor-col-66 elementor-top-column elementor-element elementor-element-037dd66\" data-id=\"037dd66\" data-element_type=\"column\">\n\t\t\t<div class=\"elementor-widget-wrap elementor-element-populated\">\n\t\t\t\t\t\t<div class=\"elementor-element elementor-element-f49cd30 elementor-headline--style-highlight elementor-widget elementor-widget-animated-headline\" data-id=\"f49cd30\" data-element_type=\"widget\" data-settings=\"{&quot;marker&quot;:&quot;underline_zigzag&quot;,&quot;highlighted_text&quot;:&quot; plus d&#039;informations&quot;,&quot;headline_style&quot;:&quot;highlight&quot;,&quot;loop&quot;:&quot;yes&quot;,&quot;highlight_animation_duration&quot;:1200,&quot;highlight_iteration_delay&quot;:8000}\" data-widget_type=\"animated-headline.default\">\n\t\t\t\t<div class=\"elementor-widget-container\">\n\t\t\t\t\t\t\t<h3 class=\"elementor-headline\">\n\t\t\t\t\t<span class=\"elementor-headline-plain-text elementor-headline-text-wrapper\">Demandez-nous<\/span>\n\t\t\t\t<span class=\"elementor-headline-dynamic-wrapper elementor-headline-text-wrapper\">\n\t\t\t\t\t<span class=\"elementor-headline-dynamic-text elementor-headline-text-active\"> plus d'informations<\/span>\n\t\t\t\t<\/span>\n\t\t\t\t<\/h3>\n\t\t\t\t\t\t<\/div>\n\t\t\t\t<\/div>\n\t\t\t\t<div class=\"elementor-element elementor-element-863260f elementor-widget elementor-widget-hubspot-form\" data-id=\"863260f\" data-element_type=\"widget\" data-widget_type=\"hubspot-form.default\">\n\t\t\t\t<div class=\"elementor-widget-container\">\n\t\t\t\t\t\n\t\t\t\t\t\t<script>\n\t\t\t\t\t\t\twindow.hsFormsOnReady = window.hsFormsOnReady || [];\n\t\t\t\t\t\t\twindow.hsFormsOnReady.push(()=>{\n\t\t\t\t\t\t\t\thbspt.forms.create({\n\t\t\t\t\t\t\t\t\tportalId: 26497194,\n\t\t\t\t\t\t\t\t\tformId: \"5e6f69c4-9983-47b6-89be-5a4dd8e6fd59\",\n\t\t\t\t\t\t\t\t\ttarget: \"#hbspt-form-1777503043000-4982311568\",\n\t\t\t\t\t\t\t\t\tregion: \"eu1\",\n\t\t\t\t\t\t\t\t\t\n\t\t\t\t\t\t\t})});\n\t\t\t\t\t\t<\/script>\n\t\t\t\t\t\t<div class=\"hbspt-form\" id=\"hbspt-form-1777503043000-4982311568\"><\/div>\t\t\t\t<\/div>\n\t\t\t\t<\/div>\n\t\t\t\t\t<\/div>\n\t\t<\/div>\n\t\t\t\t<div class=\"elementor-column elementor-col-16 elementor-top-column elementor-element elementor-element-267cb28\" data-id=\"267cb28\" data-element_type=\"column\">\n\t\t\t<div class=\"elementor-widget-wrap\">\n\t\t\t\t\t\t\t<\/div>\n\t\t<\/div>\n\t\t\t\t\t<\/div>\n\t\t<\/section>\n\t\t\t\t<section class=\"elementor-section elementor-top-section elementor-element elementor-element-8ebe24e elementor-section-boxed elementor-section-height-default elementor-section-height-default\" data-id=\"8ebe24e\" data-element_type=\"section\">\n\t\t\t\t\t\t<div class=\"elementor-container elementor-column-gap-default\">\n\t\t\t\t\t<div class=\"elementor-column elementor-col-100 elementor-top-column elementor-element elementor-element-69ae360\" data-id=\"69ae360\" data-element_type=\"column\">\n\t\t\t<div class=\"elementor-widget-wrap elementor-element-populated\">\n\t\t\t\t\t\t<div class=\"elementor-element elementor-element-4708db5 elementor-widget elementor-widget-template\" data-id=\"4708db5\" data-element_type=\"widget\" data-widget_type=\"template.default\">\n\t\t\t\t<div class=\"elementor-widget-container\">\n\t\t\t\t\t\t\t<div class=\"elementor-template\">\n\t\t\t\t\t<div data-elementor-type=\"section\" data-elementor-id=\"1975\" class=\"elementor elementor-1975\" data-elementor-post-type=\"elementor_library\">\n\t\t\t\t\t<section class=\"elementor-section elementor-top-section elementor-element elementor-element-507ad52f elementor-section-boxed elementor-section-height-default elementor-section-height-default\" data-id=\"507ad52f\" data-element_type=\"section\">\n\t\t\t\t\t\t<div class=\"elementor-container elementor-column-gap-default\">\n\t\t\t\t\t<div class=\"elementor-column elementor-col-100 elementor-top-column elementor-element elementor-element-16e9b0ae\" data-id=\"16e9b0ae\" data-element_type=\"column\">\n\t\t\t<div class=\"elementor-widget-wrap elementor-element-populated\">\n\t\t\t\t\t\t<div class=\"elementor-element elementor-element-5b047d12 elementor-widget-divider--view-line elementor-widget elementor-widget-divider\" data-id=\"5b047d12\" data-element_type=\"widget\" data-widget_type=\"divider.default\">\n\t\t\t\t<div class=\"elementor-widget-container\">\n\t\t\t\t\t\t\t<div class=\"elementor-divider\">\n\t\t\t<span class=\"elementor-divider-separator\">\n\t\t\t\t\t\t<\/span>\n\t\t<\/div>\n\t\t\t\t\t\t<\/div>\n\t\t\t\t<\/div>\n\t\t\t\t<div class=\"elementor-element elementor-element-315889f6 elementor-align-center elementor-widget elementor-widget-button\" data-id=\"315889f6\" data-element_type=\"widget\" data-widget_type=\"button.default\">\n\t\t\t\t<div class=\"elementor-widget-container\">\n\t\t\t\t\t\t\t\t\t<div class=\"elementor-button-wrapper\">\n\t\t\t\t\t<a class=\"elementor-button elementor-button-link elementor-size-lg\" href=\"https:\/\/old.proquinat.com\/fr\/produits\/\">\n\t\t\t\t\t\t<span class=\"elementor-button-content-wrapper\">\n\t\t\t\t\t\t\t\t\t<span class=\"elementor-button-text\">D\u00e9couvrez plus de produits de Proquinat<\/span>\n\t\t\t\t\t<\/span>\n\t\t\t\t\t<\/a>\n\t\t\t\t<\/div>\n\t\t\t\t\t\t\t\t<\/div>\n\t\t\t\t<\/div>\n\t\t\t\t<div class=\"elementor-element elementor-element-3885ba30 elementor-widget-divider--view-line elementor-widget elementor-widget-divider\" data-id=\"3885ba30\" data-element_type=\"widget\" data-widget_type=\"divider.default\">\n\t\t\t\t<div class=\"elementor-widget-container\">\n\t\t\t\t\t\t\t<div class=\"elementor-divider\">\n\t\t\t<span class=\"elementor-divider-separator\">\n\t\t\t\t\t\t<\/span>\n\t\t<\/div>\n\t\t\t\t\t\t<\/div>\n\t\t\t\t<\/div>\n\t\t\t\t\t<\/div>\n\t\t<\/div>\n\t\t\t\t\t<\/div>\n\t\t<\/section>\n\t\t\t\t<\/div>\n\t\t\t\t<\/div>\n\t\t\t\t\t\t<\/div>\n\t\t\t\t<\/div>\n\t\t\t\t\t<\/div>\n\t\t<\/div>\n\t\t\t\t\t<\/div>\n\t\t<\/section>\n\t\t\t\t<\/div>\n\t\t","protected":false},"excerpt":{"rendered":"<p>Cire de Carnauba La cire de carnauba est obtenue \u00e0 partir des feuilles du palmier Copernicia prunifera. Ce palmier est end\u00e9mique d&rsquo;Am\u00e9rique du Sud et pousse dans la r\u00e9gion du Cear\u00e1, au nord-est du Br\u00e9sil. La cire de carnauba est \u00e9galement connue comme la reine des cires, en raison de ses caract\u00e9ristiques et de ses [&hellip;]<\/p>\n","protected":false},"author":2,"featured_media":581,"parent":0,"menu_order":0,"comment_status":"closed","ping_status":"closed","template":"elementor_header_footer","meta":{"content-type":"","om_disable_all_campaigns":false,"_monsterinsights_skip_tracking":false,"_monsterinsights_sitenote_active":false,"_monsterinsights_sitenote_note":"","_monsterinsights_sitenote_category":0,"_uf_show_specific_survey":0,"_uf_disable_surveys":false,"footnotes":""},"class_list":["post-580","page","type-page","status-publish","has-post-thumbnail","hentry"],"yoast_head":"<!-- This site is optimized with the Yoast SEO plugin v26.1.1 - https:\/\/yoast.com\/wordpress\/plugins\/seo\/ -->\n<title>Cire de carnauba en paillettes ou en poudre | Proquinat<\/title>\n<meta name=\"description\" content=\"Vente de cire de carnauba pour l&#039;industrie alimentaire, cosm\u00e9tiques, cires de voiture, rev\u00eatements en papier, pharmaceutique...\" \/>\n<meta name=\"robots\" content=\"noindex, follow, max-snippet:-1, max-image-preview:large, max-video-preview:-1\" \/>\n<meta property=\"og:locale\" content=\"fr_FR\" \/>\n<meta property=\"og:type\" content=\"article\" \/>\n<meta property=\"og:title\" content=\"Cire de carnauba en paillettes ou en poudre | Proquinat\" \/>\n<meta property=\"og:description\" content=\"Vente de cire de carnauba pour l&#039;industrie alimentaire, cosm\u00e9tiques, cires de voiture, rev\u00eatements en papier, pharmaceutique...\" \/>\n<meta property=\"og:url\" content=\"https:\/\/old.proquinat.com\/fr\/cire-de-carnauba\/\" \/>\n<meta property=\"og:site_name\" content=\"Proquinat\" \/>\n<meta property=\"article:modified_time\" content=\"2024-07-24T15:06:15+00:00\" \/>\n<meta property=\"og:image\" content=\"https:\/\/old.proquinat.com\/wp-content\/uploads\/2020\/07\/CERA-DE-CARNAUBA-Productes-quimics-naturals-Proquinat-1.png\" \/>\n\t<meta property=\"og:image:width\" content=\"900\" \/>\n\t<meta property=\"og:image:height\" content=\"900\" \/>\n\t<meta property=\"og:image:type\" content=\"image\/png\" \/>\n<meta name=\"twitter:card\" content=\"summary_large_image\" \/>\n<meta name=\"twitter:label1\" content=\"Dur\u00e9e de lecture estim\u00e9e\" \/>\n\t<meta name=\"twitter:data1\" content=\"2 minutes\" \/>\n<script type=\"application\/ld+json\" class=\"yoast-schema-graph\">{\"@context\":\"https:\/\/schema.org\",\"@graph\":[{\"@type\":\"WebPage\",\"@id\":\"https:\/\/old.proquinat.com\/fr\/cire-de-carnauba\/\",\"url\":\"https:\/\/old.proquinat.com\/fr\/cire-de-carnauba\/\",\"name\":\"Cire de carnauba en paillettes ou en poudre | Proquinat\",\"isPartOf\":{\"@id\":\"https:\/\/old.proquinat.com\/#website\"},\"primaryImageOfPage\":{\"@id\":\"https:\/\/old.proquinat.com\/fr\/cire-de-carnauba\/#primaryimage\"},\"image\":{\"@id\":\"https:\/\/old.proquinat.com\/fr\/cire-de-carnauba\/#primaryimage\"},\"thumbnailUrl\":\"https:\/\/old.proquinat.com\/wp-content\/uploads\/2020\/07\/CERA-DE-CARNAUBA-Productes-quimics-naturals-Proquinat-1.png\",\"datePublished\":\"2020-08-31T13:46:21+00:00\",\"dateModified\":\"2024-07-24T15:06:15+00:00\",\"description\":\"Vente de cire de carnauba pour l'industrie alimentaire, cosm\u00e9tiques, cires de voiture, rev\u00eatements en papier, pharmaceutique...\",\"breadcrumb\":{\"@id\":\"https:\/\/old.proquinat.com\/fr\/cire-de-carnauba\/#breadcrumb\"},\"inLanguage\":\"fr-FR\",\"potentialAction\":[{\"@type\":\"ReadAction\",\"target\":[\"https:\/\/old.proquinat.com\/fr\/cire-de-carnauba\/\"]}]},{\"@type\":\"ImageObject\",\"inLanguage\":\"fr-FR\",\"@id\":\"https:\/\/old.proquinat.com\/fr\/cire-de-carnauba\/#primaryimage\",\"url\":\"https:\/\/old.proquinat.com\/wp-content\/uploads\/2020\/07\/CERA-DE-CARNAUBA-Productes-quimics-naturals-Proquinat-1.png\",\"contentUrl\":\"https:\/\/old.proquinat.com\/wp-content\/uploads\/2020\/07\/CERA-DE-CARNAUBA-Productes-quimics-naturals-Proquinat-1.png\",\"width\":900,\"height\":900,\"caption\":\"cera de carnauba\"},{\"@type\":\"BreadcrumbList\",\"@id\":\"https:\/\/old.proquinat.com\/fr\/cire-de-carnauba\/#breadcrumb\",\"itemListElement\":[{\"@type\":\"ListItem\",\"position\":1,\"name\":\"Portada\",\"item\":\"https:\/\/old.proquinat.com\/fr\/\"},{\"@type\":\"ListItem\",\"position\":2,\"name\":\"Cire de Carnauba\"}]},{\"@type\":\"WebSite\",\"@id\":\"https:\/\/old.proquinat.com\/#website\",\"url\":\"https:\/\/old.proquinat.com\/\",\"name\":\"Proquinat\",\"description\":\"Distribuidor de productes quimics naturals, fabricante de toda clase de ceras y parafinas\",\"publisher\":{\"@id\":\"https:\/\/old.proquinat.com\/#organization\"},\"potentialAction\":[{\"@type\":\"SearchAction\",\"target\":{\"@type\":\"EntryPoint\",\"urlTemplate\":\"https:\/\/old.proquinat.com\/?s={search_term_string}\"},\"query-input\":{\"@type\":\"PropertyValueSpecification\",\"valueRequired\":true,\"valueName\":\"search_term_string\"}}],\"inLanguage\":\"fr-FR\"},{\"@type\":\"Organization\",\"@id\":\"https:\/\/old.proquinat.com\/#organization\",\"name\":\"Productes Qu\u00edmics Naturals SL\",\"alternateName\":\"Proquinat\",\"url\":\"https:\/\/old.proquinat.com\/\",\"logo\":{\"@type\":\"ImageObject\",\"inLanguage\":\"fr-FR\",\"@id\":\"https:\/\/old.proquinat.com\/#\/schema\/logo\/image\/\",\"url\":\"https:\/\/old.proquinat.com\/wp-content\/uploads\/2020\/07\/logo-proquinat-2.png\",\"contentUrl\":\"https:\/\/old.proquinat.com\/wp-content\/uploads\/2020\/07\/logo-proquinat-2.png\",\"width\":408,\"height\":68,\"caption\":\"Productes Qu\u00edmics Naturals SL\"},\"image\":{\"@id\":\"https:\/\/old.proquinat.com\/#\/schema\/logo\/image\/\"}}]}<\/script>\n<!-- \/ Yoast SEO plugin. -->","yoast_head_json":{"title":"Cire de carnauba en paillettes ou en poudre | Proquinat","description":"Vente de cire de carnauba pour l'industrie alimentaire, cosm\u00e9tiques, cires de voiture, rev\u00eatements en papier, pharmaceutique...","robots":{"index":"noindex","follow":"follow","max-snippet":"max-snippet:-1","max-image-preview":"max-image-preview:large","max-video-preview":"max-video-preview:-1"},"og_locale":"fr_FR","og_type":"article","og_title":"Cire de carnauba en paillettes ou en poudre | Proquinat","og_description":"Vente de cire de carnauba pour l'industrie alimentaire, cosm\u00e9tiques, cires de voiture, rev\u00eatements en papier, pharmaceutique...","og_url":"https:\/\/old.proquinat.com\/fr\/cire-de-carnauba\/","og_site_name":"Proquinat","article_modified_time":"2024-07-24T15:06:15+00:00","og_image":[{"width":900,"height":900,"url":"https:\/\/old.proquinat.com\/wp-content\/uploads\/2020\/07\/CERA-DE-CARNAUBA-Productes-quimics-naturals-Proquinat-1.png","type":"image\/png"}],"twitter_card":"summary_large_image","twitter_misc":{"Dur\u00e9e de lecture estim\u00e9e":"2 minutes"},"schema":{"@context":"https:\/\/schema.org","@graph":[{"@type":"WebPage","@id":"https:\/\/old.proquinat.com\/fr\/cire-de-carnauba\/","url":"https:\/\/old.proquinat.com\/fr\/cire-de-carnauba\/","name":"Cire de carnauba en paillettes ou en poudre | Proquinat","isPartOf":{"@id":"https:\/\/old.proquinat.com\/#website"},"primaryImageOfPage":{"@id":"https:\/\/old.proquinat.com\/fr\/cire-de-carnauba\/#primaryimage"},"image":{"@id":"https:\/\/old.proquinat.com\/fr\/cire-de-carnauba\/#primaryimage"},"thumbnailUrl":"https:\/\/old.proquinat.com\/wp-content\/uploads\/2020\/07\/CERA-DE-CARNAUBA-Productes-quimics-naturals-Proquinat-1.png","datePublished":"2020-08-31T13:46:21+00:00","dateModified":"2024-07-24T15:06:15+00:00","description":"Vente de cire de carnauba pour l'industrie alimentaire, cosm\u00e9tiques, cires de voiture, rev\u00eatements en papier, pharmaceutique...","breadcrumb":{"@id":"https:\/\/old.proquinat.com\/fr\/cire-de-carnauba\/#breadcrumb"},"inLanguage":"fr-FR","potentialAction":[{"@type":"ReadAction","target":["https:\/\/old.proquinat.com\/fr\/cire-de-carnauba\/"]}]},{"@type":"ImageObject","inLanguage":"fr-FR","@id":"https:\/\/old.proquinat.com\/fr\/cire-de-carnauba\/#primaryimage","url":"https:\/\/old.proquinat.com\/wp-content\/uploads\/2020\/07\/CERA-DE-CARNAUBA-Productes-quimics-naturals-Proquinat-1.png","contentUrl":"https:\/\/old.proquinat.com\/wp-content\/uploads\/2020\/07\/CERA-DE-CARNAUBA-Productes-quimics-naturals-Proquinat-1.png","width":900,"height":900,"caption":"cera de carnauba"},{"@type":"BreadcrumbList","@id":"https:\/\/old.proquinat.com\/fr\/cire-de-carnauba\/#breadcrumb","itemListElement":[{"@type":"ListItem","position":1,"name":"Portada","item":"https:\/\/old.proquinat.com\/fr\/"},{"@type":"ListItem","position":2,"name":"Cire de Carnauba"}]},{"@type":"WebSite","@id":"https:\/\/old.proquinat.com\/#website","url":"https:\/\/old.proquinat.com\/","name":"Proquinat","description":"Distribuidor de productes quimics naturals, fabricante de toda clase de ceras y parafinas","publisher":{"@id":"https:\/\/old.proquinat.com\/#organization"},"potentialAction":[{"@type":"SearchAction","target":{"@type":"EntryPoint","urlTemplate":"https:\/\/old.proquinat.com\/?s={search_term_string}"},"query-input":{"@type":"PropertyValueSpecification","valueRequired":true,"valueName":"search_term_string"}}],"inLanguage":"fr-FR"},{"@type":"Organization","@id":"https:\/\/old.proquinat.com\/#organization","name":"Productes Qu\u00edmics Naturals SL","alternateName":"Proquinat","url":"https:\/\/old.proquinat.com\/","logo":{"@type":"ImageObject","inLanguage":"fr-FR","@id":"https:\/\/old.proquinat.com\/#\/schema\/logo\/image\/","url":"https:\/\/old.proquinat.com\/wp-content\/uploads\/2020\/07\/logo-proquinat-2.png","contentUrl":"https:\/\/old.proquinat.com\/wp-content\/uploads\/2020\/07\/logo-proquinat-2.png","width":408,"height":68,"caption":"Productes Qu\u00edmics Naturals SL"},"image":{"@id":"https:\/\/old.proquinat.com\/#\/schema\/logo\/image\/"}}]}},"_links":{"self":[{"href":"https:\/\/old.proquinat.com\/fr\/wp-json\/wp\/v2\/pages\/580","targetHints":{"allow":["GET"]}}],"collection":[{"href":"https:\/\/old.proquinat.com\/fr\/wp-json\/wp\/v2\/pages"}],"about":[{"href":"https:\/\/old.proquinat.com\/fr\/wp-json\/wp\/v2\/types\/page"}],"author":[{"embeddable":true,"href":"https:\/\/old.proquinat.com\/fr\/wp-json\/wp\/v2\/users\/2"}],"replies":[{"embeddable":true,"href":"https:\/\/old.proquinat.com\/fr\/wp-json\/wp\/v2\/comments?post=580"}],"version-history":[{"count":5,"href":"https:\/\/old.proquinat.com\/fr\/wp-json\/wp\/v2\/pages\/580\/revisions"}],"predecessor-version":[{"id":2968,"href":"https:\/\/old.proquinat.com\/fr\/wp-json\/wp\/v2\/pages\/580\/revisions\/2968"}],"wp:featuredmedia":[{"embeddable":true,"href":"https:\/\/old.proquinat.com\/fr\/wp-json\/wp\/v2\/media\/581"}],"wp:attachment":[{"href":"https:\/\/old.proquinat.com\/fr\/wp-json\/wp\/v2\/media?parent=580"}],"curies":[{"name":"wp","href":"https:\/\/api.w.org\/{rel}","templated":true}]}}